{"id":1193,"date":"2024-05-14T13:33:06","date_gmt":"2024-05-14T13:33:06","guid":{"rendered":"https:\/\/ideas.developingchild.harvard.edu\/?page_id=1193"},"modified":"2024-05-14T13:36:27","modified_gmt":"2024-05-14T13:36:27","slug":"teoria-del-cambio-plantilla-powerpoint","status":"publish","type":"page","link":"https:\/\/ideas.developingchild.harvard.edu\/es\/theory-of-change-powerpoint-template\/","title":{"rendered":"Teor\u00eda del cambio Plantilla PowerPoint"},"content":{"rendered":"<div id=\"hero-block_52a7603ab7c31d8c56e7fb253e8f9ec2\" class=\"acf-block block-hero has-background has-foreground-2-background-color alignfull download-icon-hero\">\n\n     <div class=\"wrap\">\n\n          <div class=\"block-hero__innerBlocks acf-inner-blocks-container\">\n\n<h2 class=\"wp-block-heading is-style-half-bottom-margin has-white-color has-text-color\">Teor\u00eda del cambio Plantilla PowerPoint<\/h2>\n\n\n\n<p class=\"has-white-color has-text-color\">Una plantilla de TdC rellenable que su equipo puede utilizar para redactar un borrador de TdC, siguiendo los pasos descritos en el manual.<\/p>\n\n<\/div>\n\n          <div class=\"block-hero__image\">\n               <img decoding=\"async\" class=\"nolazy\" src=\"https:\/\/ideas.developingchild.harvard.edu\/wp-content\/uploads\/2024\/05\/download-icon-1.png\" alt=\"http:\/\/DOWNLOAD%20ICON\">\n          <\/div>\n\n     <\/div>\n\n<\/div>\n\n\n\n<p><\/p>\n\n\n\n<div id=\"download-block_f79b5c0654d12c74720d4b76fd3679d1\" class=\"acf-block block-download\">\n\n     <a class=\"block-download__link\" href=\"https:\/\/ideas.developingchild.harvard.edu\/wp-content\/uploads\/2022\/09\/Theory_of_Change_template.pptx\" download aria-label=\"Descargar plantilla PowerPoint de Teor\u00eda del Cambio\">\n                    <svg width=\"19\" height=\"26\" viewbox=\"0 0 24 30\" fill=\"none\" xmlns=\"http:\/\/www.w3.org\/2000\/svg\">\n               <path d=\"M2.48828 28H21.5115\" stroke=\"#3D4457\" stroke-width=\"3\" stroke-linecap=\"square\"\/>\n               <path d=\"M12 2L12 19.0491\" stroke=\"#3D4457\" stroke-width=\"3\" stroke-linecap=\"square\"\/>\n               <path d=\"M3.47559 13.0819L12.0002 21.6065L20.5247 13.0819\" stroke=\"#3D4457\" stroke-width=\"3\"\/>\n          <\/svg>\n     <\/a>\n\n     <div class=\"block-download__innerBlocks acf-inner-blocks-container\">\n\n<p>Descargar plantilla de PowerPoint sobre la teor\u00eda del cambio (en ingl\u00e9s)<\/p>\n\n<\/div>\n\n<\/div>\n\n\n\n<div id=\"download-block_26294861ef93960384dfe343eafa591e\" class=\"acf-block block-download\">\n\n     <a class=\"block-download__link\" href=\"https:\/\/ideas.developingchild.harvard.edu\/wp-content\/uploads\/2022\/09\/Theory_of_Change_template_ESPANOL.pptx\" download aria-label=\"Descargar plantilla de la Teor\u00eda del Cambio\">\n                    <svg width=\"19\" height=\"26\" viewbox=\"0 0 24 30\" fill=\"none\" xmlns=\"http:\/\/www.w3.org\/2000\/svg\">\n               <path d=\"M2.48828 28H21.5115\" stroke=\"#3D4457\" stroke-width=\"3\" stroke-linecap=\"square\"\/>\n               <path d=\"M12 2L12 19.0491\" stroke=\"#3D4457\" stroke-width=\"3\" stroke-linecap=\"square\"\/>\n               <path d=\"M3.47559 13.0819L12.0002 21.6065L20.5247 13.0819\" stroke=\"#3D4457\" stroke-width=\"3\"\/>\n          <\/svg>\n     <\/a>\n\n     <div class=\"block-download__innerBlocks acf-inner-blocks-container\">\n\n<p>Descargar plantilla de PowerPoint sobre la teor\u00eda del cambio (en Espa\u00f1ol)<\/p>\n\n<\/div>\n\n<\/div>\n\n\n<style>\r\n.entry-header {display: none !important;}\r\n<\/style>","protected":false},"excerpt":{"rendered":"","protected":false},"author":6,"featured_media":0,"parent":0,"menu_order":0,"comment_status":"closed","ping_status":"closed","template":"","meta":{"_acf_changed":false,"footnotes":""},"class_list":{"2":"type-page"},"acf":[],"yoast_head":"<!-- This site is optimized with the Yoast SEO plugin v27.4 - https:\/\/yoast.com\/product\/yoast-seo-wordpress\/ -->\n<title>Theory of Change PowerPoint template - IDEAS Impact Framework<\/title>\n<meta name=\"description\" content=\"A fillable Fast-Cycle Iteration Worksheet to help your team plan a ToC-based evaluation.\" \/>\n<meta name=\"robots\" content=\"index, follow, max-snippet:-1, max-image-preview:large, max-video-preview:-1\" \/>\n<link rel=\"canonical\" href=\"https:\/\/ideas.developingchild.harvard.edu\/es\/teoria-del-cambio-plantilla-powerpoint\/\" \/>\n<meta property=\"og:locale\" content=\"es_ES\" \/>\n<meta property=\"og:type\" content=\"article\" \/>\n<meta property=\"og:title\" content=\"Theory of Change PowerPoint template - IDEAS Impact Framework\" \/>\n<meta property=\"og:description\" content=\"A fillable Fast-Cycle Iteration Worksheet to help your team plan a ToC-based evaluation.\" \/>\n<meta property=\"og:url\" content=\"https:\/\/ideas.developingchild.harvard.edu\/es\/teoria-del-cambio-plantilla-powerpoint\/\" \/>\n<meta property=\"og:site_name\" content=\"IDEAS Impact Framework\" \/>\n<meta property=\"article:modified_time\" content=\"2024-05-14T13:36:27+00:00\" \/>\n<meta name=\"twitter:card\" content=\"summary_large_image\" \/>\n<script type=\"application\/ld+json\" class=\"yoast-schema-graph\">{\"@context\":\"https:\\\/\\\/schema.org\",\"@graph\":[{\"@type\":\"WebPage\",\"@id\":\"https:\\\/\\\/ideas.developingchild.harvard.edu\\\/theory-of-change-powerpoint-template\\\/\",\"url\":\"https:\\\/\\\/ideas.developingchild.harvard.edu\\\/theory-of-change-powerpoint-template\\\/\",\"name\":\"Theory of Change PowerPoint template - IDEAS Impact Framework\",\"isPartOf\":{\"@id\":\"https:\\\/\\\/ideas.developingchild.harvard.edu\\\/#website\"},\"datePublished\":\"2024-05-14T13:33:06+00:00\",\"dateModified\":\"2024-05-14T13:36:27+00:00\",\"description\":\"A fillable Fast-Cycle Iteration Worksheet to help your team plan a ToC-based evaluation.\",\"breadcrumb\":{\"@id\":\"https:\\\/\\\/ideas.developingchild.harvard.edu\\\/theory-of-change-powerpoint-template\\\/#breadcrumb\"},\"inLanguage\":\"es-CO\",\"potentialAction\":[{\"@type\":\"ReadAction\",\"target\":[\"https:\\\/\\\/ideas.developingchild.harvard.edu\\\/theory-of-change-powerpoint-template\\\/\"]}]},{\"@type\":\"BreadcrumbList\",\"@id\":\"https:\\\/\\\/ideas.developingchild.harvard.edu\\\/theory-of-change-powerpoint-template\\\/#breadcrumb\",\"itemListElement\":[{\"@type\":\"ListItem\",\"position\":1,\"name\":\"Home\",\"item\":\"https:\\\/\\\/ideas.developingchild.harvard.edu\\\/\"},{\"@type\":\"ListItem\",\"position\":2,\"name\":\"Theory of Change PowerPoint template\"}]},{\"@type\":\"WebSite\",\"@id\":\"https:\\\/\\\/ideas.developingchild.harvard.edu\\\/#website\",\"url\":\"https:\\\/\\\/ideas.developingchild.harvard.edu\\\/\",\"name\":\"IDEAS Impact Framework\",\"description\":\"Reimagining Program Development and Evaluation\",\"potentialAction\":[{\"@type\":\"SearchAction\",\"target\":{\"@type\":\"EntryPoint\",\"urlTemplate\":\"https:\\\/\\\/ideas.developingchild.harvard.edu\\\/?s={search_term_string}\"},\"query-input\":{\"@type\":\"PropertyValueSpecification\",\"valueRequired\":true,\"valueName\":\"search_term_string\"}}],\"inLanguage\":\"es-CO\"}]}<\/script>\n<!-- \/ Yoast SEO plugin. -->","yoast_head_json":{"title":"Plantilla PowerPoint de la Teor\u00eda del Cambio - Marco de Impacto de IDEAS","description":"Una Hoja de Trabajo de Iteraci\u00f3n de Ciclo R\u00e1pido rellenable para ayudar a su equipo a planificar una evaluaci\u00f3n basada en la TdC.","robots":{"index":"index","follow":"follow","max-snippet":"max-snippet:-1","max-image-preview":"max-image-preview:large","max-video-preview":"max-video-preview:-1"},"canonical":"https:\/\/ideas.developingchild.harvard.edu\/es\/teoria-del-cambio-plantilla-powerpoint\/","og_locale":"es_ES","og_type":"article","og_title":"Theory of Change PowerPoint template - IDEAS Impact Framework","og_description":"A fillable Fast-Cycle Iteration Worksheet to help your team plan a ToC-based evaluation.","og_url":"https:\/\/ideas.developingchild.harvard.edu\/es\/teoria-del-cambio-plantilla-powerpoint\/","og_site_name":"IDEAS Impact Framework","article_modified_time":"2024-05-14T13:36:27+00:00","twitter_card":"summary_large_image","schema":{"@context":"https:\/\/schema.org","@graph":[{"@type":"WebPage","@id":"https:\/\/ideas.developingchild.harvard.edu\/theory-of-change-powerpoint-template\/","url":"https:\/\/ideas.developingchild.harvard.edu\/theory-of-change-powerpoint-template\/","name":"Plantilla PowerPoint de la Teor\u00eda del Cambio - Marco de Impacto de IDEAS","isPartOf":{"@id":"https:\/\/ideas.developingchild.harvard.edu\/#website"},"datePublished":"2024-05-14T13:33:06+00:00","dateModified":"2024-05-14T13:36:27+00:00","description":"Una Hoja de Trabajo de Iteraci\u00f3n de Ciclo R\u00e1pido rellenable para ayudar a su equipo a planificar una evaluaci\u00f3n basada en la TdC.","breadcrumb":{"@id":"https:\/\/ideas.developingchild.harvard.edu\/theory-of-change-powerpoint-template\/#breadcrumb"},"inLanguage":"es-CO","potentialAction":[{"@type":"ReadAction","target":["https:\/\/ideas.developingchild.harvard.edu\/theory-of-change-powerpoint-template\/"]}]},{"@type":"BreadcrumbList","@id":"https:\/\/ideas.developingchild.harvard.edu\/theory-of-change-powerpoint-template\/#breadcrumb","itemListElement":[{"@type":"ListItem","position":1,"name":"Home","item":"https:\/\/ideas.developingchild.harvard.edu\/"},{"@type":"ListItem","position":2,"name":"Theory of Change PowerPoint template"}]},{"@type":"WebSite","@id":"https:\/\/ideas.developingchild.harvard.edu\/#website","url":"https:\/\/ideas.developingchild.harvard.edu\/","name":"Marco de impacto de IDEAS","description":"Reimaginando el desarrollo y la evaluaci\u00f3n de programas","potentialAction":[{"@type":"SearchAction","target":{"@type":"EntryPoint","urlTemplate":"https:\/\/ideas.developingchild.harvard.edu\/?s={search_term_string}"},"query-input":{"@type":"PropertyValueSpecification","valueRequired":true,"valueName":"search_term_string"}}],"inLanguage":"es-CO"}]}},"_links":{"self":[{"href":"https:\/\/ideas.developingchild.harvard.edu\/es\/wp-json\/wp\/v2\/pages\/1193","targetHints":{"allow":["GET"]}}],"collection":[{"href":"https:\/\/ideas.developingchild.harvard.edu\/es\/wp-json\/wp\/v2\/pages"}],"about":[{"href":"https:\/\/ideas.developingchild.harvard.edu\/es\/wp-json\/wp\/v2\/types\/page"}],"author":[{"embeddable":true,"href":"https:\/\/ideas.developingchild.harvard.edu\/es\/wp-json\/wp\/v2\/users\/6"}],"replies":[{"embeddable":true,"href":"https:\/\/ideas.developingchild.harvard.edu\/es\/wp-json\/wp\/v2\/comments?post=1193"}],"version-history":[{"count":0,"href":"https:\/\/ideas.developingchild.harvard.edu\/es\/wp-json\/wp\/v2\/pages\/1193\/revisions"}],"wp:attachment":[{"href":"https:\/\/ideas.developingchild.harvard.edu\/es\/wp-json\/wp\/v2\/media?parent=1193"}],"curies":[{"name":"wp","href":"https:\/\/api.w.org\/{rel}","templated":true}]}}