{"id":394,"date":"2022-09-19T16:37:37","date_gmt":"2022-09-19T16:37:37","guid":{"rendered":"http:\/\/ideas.local\/?page_id=394"},"modified":"2023-01-31T11:26:50","modified_gmt":"2023-01-31T11:26:50","slug":"evaluacion","status":"publish","type":"page","link":"https:\/\/ideas.developingchild.harvard.edu\/es\/evaluacion\/","title":{"rendered":"Objetivos y planificaci\u00f3n de la evaluaci\u00f3n"},"content":{"rendered":"<div id=\"hero-block_f8874d46082817d5a70ce234e457e828\" class=\"acf-block block-hero has-background has-senary-light-background-color alignfull\">\n\n     <div class=\"wrap\">\n\n          <div class=\"block-hero__innerBlocks acf-inner-blocks-container\">\n\n<h1 class=\"wp-block-heading\">Evaluaci\u00f3n<\/h1>\n\n\n\n<p class=\"is-style-left-dash has-senary-background-color has-background has-font-size-5-font-size\">Aprenda a desarrollar una evaluaci\u00f3n basada en la TdC<\/p>\n\n<\/div>\n\n          <div class=\"block-hero__image\">\n               <img decoding=\"async\" class=\"nolazy\" src=\"https:\/\/ideas.developingchild.harvard.edu\/wp-content\/uploads\/2022\/10\/IDEAS-graphic-evaluation.png\" alt=\"http:\/\/A%20group%20of%20ideas%20discussing%20and%20exploring%20ideas\">\n          <\/div>\n\n     <\/div>\n\n<\/div>\n\n\n\n<div id=\"sticky-nav-target\" style=\"margin-bottom:0 !important;\"><\/div>\n<div id=\"sticky-nav-block_e5595e3a8de057aa7a42227c1bf7fa1f\" class=\"acf-block block-sticky-nav alignfull\">\n\n     <button class=\"block-sticky-nav__mobile-toggle\" aria-label=\"Alternar la navegaci\u00f3n adhesiva m\u00f3vil\">\n          Objetivos y planificaci\u00f3n de la evaluaci\u00f3n                    <svg width=\"19\" height=\"12\" viewbox=\"0 0 14 9\" fill=\"none\" xmlns=\"http:\/\/www.w3.org\/2000\/svg\">\n               <path d=\"M2 2L7 7L12 2\" stroke=\"#3D4457\" stroke-width=\"2\" stroke-linecap=\"square\"\/>\n          <\/svg>\n     <\/button>\n\n     <div class=\"block-sticky-nav__menu-wrap\"><ul id=\"menu-evaluation-menu\" class=\"block-sticky-nav__menu\"><li id=\"menu-item-745\" class=\"menu-item\"><a href=\"https:\/\/ideas.developingchild.harvard.edu\/es\/evaluacion\/\">Objetivos y planificaci\u00f3n de la evaluaci\u00f3n<\/a><\/li>\n<li id=\"menu-item-748\" class=\"menu-item\"><a href=\"https:\/\/ideas.developingchild.harvard.edu\/es\/evaluacion\/identificar-las-preguntas-basadas-en-los-toc\/\">Identificar preguntas basadas en la TdC<\/a><\/li>\n<li id=\"menu-item-747\" class=\"menu-item\"><a href=\"https:\/\/ideas.developingchild.harvard.edu\/es\/evaluacion\/elegir-un-diseno-de-evaluacion\/\">Elija un dise\u00f1o de evaluaci\u00f3n<\/a><\/li>\n<li id=\"menu-item-746\" class=\"menu-item\"><a href=\"https:\/\/ideas.developingchild.harvard.edu\/es\/evaluacion\/seleccionar-medidas\/\">Seleccionar medidas<\/a><\/li>\n<\/ul><\/div>\n<\/div>\n\n\n\n<div class=\"wp-block-group alignfull has-background-background-color has-background is-layout-flow wp-block-group-is-layout-flow\">\n<h2 class=\"wp-block-heading\">Objetivos y planificaci\u00f3n de la evaluaci\u00f3n<\/h2>\n\n\n\n<div style=\"height:100px\" aria-hidden=\"true\" class=\"wp-block-spacer is-style-small\"><\/div>\n\n\n\n<div class=\"wp-block-columns is-layout-flex wp-container-core-columns-is-layout-9d6595d7 wp-block-columns-is-layout-flex\">\n<div class=\"wp-block-column is-layout-flow wp-block-column-is-layout-flow\" style=\"flex-basis:66.66%\">\n<p class=\"is-style-alternate-font has-font-size-6-font-size\">Hay muchas razones para recopilar datos sobre un programa concreto. Puede ser simplemente un requisito de su organizaci\u00f3n o de la entidad que financia el programa. Puede existir la presi\u00f3n de demostrar resultados para acceder a m\u00e1s financiaci\u00f3n, promover el programa o publicar resultados positivos.<\/p>\n\n\n\n<p class=\"has-foreground-2-color has-text-color has-font-size-5-font-size\">Dadas estas presiones, lo que ocurre a veces en la evaluaci\u00f3n de programas es que la lista de medidas es muy larga para evaluar todo lo que podr\u00eda cambiar. Este enfoque m\u00e1s tradicional es comprensible dada la presi\u00f3n por demostrar que un programa funciona; sin embargo, supone una enorme carga para los participantes y no sirve necesariamente para investigar la <a href=\"https:\/\/ideas.developingchild.harvard.edu\/es\/teoria-del-cambio\/\" target=\"_blank\" rel=\"noreferrer noopener\">Teor\u00eda del Cambio<\/a> (TdC) o mejorar el programa. <strong>Dentro del marco IDEAS, el objetivo \u00faltimo de una evaluaci\u00f3n es investigar la teor\u00eda del cambio del programa y mejorarlo mediante <em>ciclos de iteraci\u00f3n r\u00e1pida<\/em>.<\/strong><\/p>\n<\/div>\n\n\n\n<div class=\"wp-block-column is-layout-flow wp-block-column-is-layout-flow\" style=\"flex-basis:33.33%\">\n<div id=\"icon-group-block_884165aca0575c4b603be53a2e11aff0\" class=\"acf-block block-icon-group has-background has-primary-light-background-color\">\n\n     <div class=\"block-icon-group__icon\">\n          <img decoding=\"async\" src=\"https:\/\/ideas.developingchild.harvard.edu\/wp-content\/themes\/ideas-impact-framework\/assets\/images\/icons\/lightbulb-icon.svg\" alt=\"Icono de la bombilla\" width=\"22px\" height=\"22px\">\n     <\/div>\n\n     <div class=\"block-icon-group__innerBlocks acf-inner-blocks-container\">\n\n<p class=\"is-style-small-bottom-margin has-font-size-2-font-size\"><strong>Pregunta de reflexi\u00f3n<\/strong><\/p>\n\n\n\n<p class=\"has-font-size-2-font-size\">Seg\u00fan su experiencia, \u00bfcu\u00e1l es el objetivo o prop\u00f3sito de la evaluaci\u00f3n?<\/p>\n\n<\/div>\n\n<\/div>\n<\/div>\n<\/div>\n<\/div>\n\n\n\n<div class=\"wp-block-group alignfull is-style-no-margin has-septenary-background-color has-background is-layout-flow wp-block-group-is-layout-flow\">\n<div class=\"wp-block-columns is-layout-flex wp-container-core-columns-is-layout-9d6595d7 wp-block-columns-is-layout-flex\">\n<div class=\"wp-block-column is-layout-flow wp-block-column-is-layout-flow\" style=\"flex-basis:66.66%\">\n<h2 class=\"is-style-eyebrow has-secondary-dark-color has-text-color wp-block-heading\">Planificaci\u00f3n de una evaluaci\u00f3n basada en la TOC<\/h2>\n\n\n\n<p class=\"is-style-alternate-font is-style-no-bottom-margin has-font-size-5-font-size\">Un escollo com\u00fan en la evaluaci\u00f3n de programas es que, incluso cuando se crean teor\u00edas del cambio, existe un <a href=\"https:\/\/www.sciencedirect.com\/science\/article\/abs\/pii\/S0885200619300407?via%3Dihub\" target=\"_blank\" rel=\"noreferrer noopener\">desajuste entre los objetivos del programa y lo que miden<\/a>. El enfoque IDEAS de la evaluaci\u00f3n contribuye a resolver este problema.<\/p>\n\n\n\n<div style=\"height:24px\" aria-hidden=\"true\" class=\"wp-block-spacer is-style-mobile-hide\"><\/div>\n<\/div>\n\n\n\n<div class=\"wp-block-column is-layout-flow wp-block-column-is-layout-flow\" style=\"flex-basis:33.33%\"><\/div>\n<\/div>\n\n\n\n<div class=\"wp-block-group is-style-horizontal-group is-nowrap is-layout-flex wp-container-core-group-is-layout-ad2f72ca wp-block-group-is-layout-flex\">\n<figure class=\"wp-block-image size-large is-resized is-style-no-bottom-margin\"><img loading=\"lazy\" decoding=\"async\" src=\"https:\/\/ideas.developingchild.harvard.edu\/wp-content\/uploads\/2022\/09\/arrow-down-red.svg\" alt=\"Flecha roja hacia abajo\" class=\"wp-image-451\" width=\"20\" height=\"33\"\/><\/figure>\n\n\n\n<p class=\"is-style-semibold-font has-font-size-4-font-size\">Dentro del marco, hay tres pasos para planificar una evaluaci\u00f3n basada en la TdC:<\/p>\n<\/div>\n\n\n\n<div class=\"wp-block-columns is-style-borders is-layout-flex wp-container-core-columns-is-layout-9d6595d7 wp-block-columns-is-layout-flex\">\n<div class=\"wp-block-column is-layout-flow wp-block-column-is-layout-flow\">\n<div class=\"wp-block-group is-vertical is-content-justification-left is-layout-flex wp-container-core-group-is-layout-4fb2ba47 wp-block-group-is-layout-flex\">\n<figure class=\"wp-block-image size-large\"><img loading=\"lazy\" decoding=\"async\" width=\"51\" height=\"51\" src=\"https:\/\/ideas.developingchild.harvard.edu\/wp-content\/uploads\/2022\/09\/square-1-green.svg\" alt=\"Plaza Verde con el n\u00famero 1\" class=\"wp-image-761\"\/><\/figure>\n\n\n\n<p class=\"has-font-size-5-font-size\">Identificar preguntas basadas en la Teor\u00eda del Cambio<\/p>\n<\/div>\n<\/div>\n\n\n\n<div class=\"wp-block-column is-layout-flow wp-block-column-is-layout-flow\">\n<div class=\"wp-block-group is-vertical is-content-justification-left is-layout-flex wp-container-core-group-is-layout-4fb2ba47 wp-block-group-is-layout-flex\">\n<figure class=\"wp-block-image size-large\"><img loading=\"lazy\" decoding=\"async\" width=\"51\" height=\"51\" src=\"https:\/\/ideas.developingchild.harvard.edu\/wp-content\/uploads\/2022\/09\/square-2-purple.svg\" alt=\"Cuadrado morado con el n\u00famero 2\" class=\"wp-image-762\"\/><\/figure>\n\n\n\n<p class=\"has-font-size-5-font-size\">Elegir un dise\u00f1o de evaluaci\u00f3n adecuado<\/p>\n<\/div>\n<\/div>\n\n\n\n<div class=\"wp-block-column is-layout-flow wp-block-column-is-layout-flow\">\n<div class=\"wp-block-group is-vertical is-content-justification-left is-layout-flex wp-container-core-group-is-layout-4fb2ba47 wp-block-group-is-layout-flex\">\n<figure class=\"wp-block-image size-large\"><img loading=\"lazy\" decoding=\"async\" width=\"51\" height=\"51\" src=\"https:\/\/ideas.developingchild.harvard.edu\/wp-content\/uploads\/2022\/09\/square-3-blue.svg\" alt=\"Cuadrado azul con el n\u00famero 3\" class=\"wp-image-763\"\/><\/figure>\n\n\n\n<p class=\"has-font-size-5-font-size\">Seleccionar herramientas para recopilar informaci\u00f3n (es decir, medidas)<\/p>\n<\/div>\n<\/div>\n<\/div>\n<\/div>\n\n\n\n<div class=\"wp-block-group alignfull has-background-background-color has-background is-layout-flow wp-block-group-is-layout-flow\">\n<div class=\"wp-block-media-text alignwide has-media-on-the-right is-stacked-on-mobile is-vertically-aligned-center\" style=\"grid-template-columns:auto 41%\"><div class=\"wp-block-media-text__content\">\n<p class=\"is-style-alternate-font has-font-size-5-font-size\">Por supuesto, hay muchos otros aspectos m\u00e1s t\u00e9cnicos en la preparaci\u00f3n de la evaluaci\u00f3n, como acceder a las medidas que espera utilizar, decidir si recopilar\u00e1 los datos en papel o digitalmente, formar a su equipo de recopilaci\u00f3n de datos, contratar a los participantes, etc.<\/p>\n\n\n\n<p>Aunque importantes, estos aspectos t\u00e9cnicos de la evaluaci\u00f3n no se tratar\u00e1n en esta secci\u00f3n. En su lugar, vamos a centrarnos en estos tres pasos para dise\u00f1ar una evaluaci\u00f3n que est\u00e9 estrechamente vinculada a su teor\u00eda del cambio y que le prepare para <em>ciclos de iteraci\u00f3n r\u00e1pida<\/em>.<\/p>\n<\/div><figure class=\"wp-block-media-text__media\"><img loading=\"lazy\" decoding=\"async\" width=\"536\" height=\"422\" src=\"https:\/\/ideas.developingchild.harvard.edu\/wp-content\/uploads\/2022\/10\/IDEAS-graphic-eval-image.png\" alt=\"\" class=\"wp-image-1090 size-full\" srcset=\"https:\/\/ideas.developingchild.harvard.edu\/wp-content\/uploads\/2022\/10\/IDEAS-graphic-eval-image.png 536w, https:\/\/ideas.developingchild.harvard.edu\/wp-content\/uploads\/2022\/10\/IDEAS-graphic-eval-image-300x236.png 300w\" sizes=\"auto, (max-width: 536px) 100vw, 536px\" \/><\/figure><\/div>\n\n\n\n<div style=\"height:36px\" aria-hidden=\"true\" class=\"wp-block-spacer is-style-medium\"><\/div>\n\n\n\n<div id=\"max-width-block_83f2232f400a6c75e69336512739ddea\" class=\"acf-block block-max-width has-text-align-left\">\n\n     <div class=\"block-max-width__interior\" style=\"max-width:740px;\">\n          <div class=\"block-max-width__innerBlocks acf-inner-blocks-container\">\n\n<p class=\"has-font-size-2-font-size\">Haga clic en el siguiente enlace para descargar una hoja de trabajo sobre los <em>ciclos de iteraci\u00f3n r\u00e1pida<\/em> que su equipo puede utilizar para planificar una evaluaci\u00f3n basada en la TdC, siguiendo los pasos descritos en la siguiente secci\u00f3n. Completar esta hoja de trabajo es una oportunidad para participar en la <em>co-creaci\u00f3n,<\/em> involucrando a miembros de la comunidad, profesionales, miembros del equipo de investigaci\u00f3n, etc.<\/p>\n\n<\/div>\n     <\/div>\n\n<\/div>\n\n\n\n<div style=\"height:24px\" aria-hidden=\"true\" class=\"wp-block-spacer\"><\/div>\n\n\n\n<div id=\"download-block_9db08787a8ff1b92c993c0b18df5fec4\" class=\"acf-block block-download\">\n\n     <a class=\"block-download__link\" href=\"https:\/\/ideas.developingchild.harvard.edu\/wp-content\/uploads\/2022\/09\/FCI_worksheet_template-01-31-2023.xlsx\" download aria-label=\"Descargar la hoja de trabajo de iteraci\u00f3n r\u00e1pida\">\n                    <svg width=\"19\" height=\"26\" viewbox=\"0 0 24 30\" fill=\"none\" xmlns=\"http:\/\/www.w3.org\/2000\/svg\">\n               <path d=\"M2.48828 28H21.5115\" stroke=\"#3D4457\" stroke-width=\"3\" stroke-linecap=\"square\"\/>\n               <path d=\"M12 2L12 19.0491\" stroke=\"#3D4457\" stroke-width=\"3\" stroke-linecap=\"square\"\/>\n               <path d=\"M3.47559 13.0819L12.0002 21.6065L20.5247 13.0819\" stroke=\"#3D4457\" stroke-width=\"3\"\/>\n          <\/svg>\n     <\/a>\n\n     <div class=\"block-download__innerBlocks acf-inner-blocks-container\">\n\n<p class=\"has-font-size-5-font-size\">Descargue su hoja de trabajo de iteraci\u00f3n de ciclo r\u00e1pido para planificar una evaluaci\u00f3n basada en la TdC.<\/p>\n\n<\/div>\n\n<\/div>\n\n\n\n<p class=\"is-style-semibold-font has-foreground-2-color has-text-color has-font-size-4-font-size\"><\/p>\n\n\n\n<div id=\"acf-separator-block_bd7fe2d23b90a64c2e95d0bfb13ac76c\" class=\"acf-block block-separator yes-margin\">\n     <hr style=\"height: 1px;border-top-style:solid;border-width:calc(1px - 1px);border-color: var(--wp--preset--color--septenary-dark);background-color: var(--wp--preset--color--septenary-dark);\">\n<\/div>\n\n\n\n<div id=\"next-button-block_5f1d57aebff04917c8c96a2a6ae7d677\" class=\"acf-block block-next-button\">\n\n     <a class=\"block-next-button__button\" href=\"https:\/\/ideas.developingchild.harvard.edu\/es\/evaluacion\/identificar-las-preguntas-basadas-en-los-toc\/\">\n\n          <div class=\"block-next-button__text\">\n\n               <span class=\"block-next-button__leader is-style-eyebrow\">\n                    Siguiente:               <\/span>\n\n               <span class=\"block-next-button__button-text\">\n                    Identificar preguntas basadas en la TdC               <\/span>\n\n               \n          <\/div>\n\n          <span class=\"block-next-button__arrow\">\n                              <svg width=\"28\" height=\"23\" viewbox=\"0 0 28 23\" fill=\"none\" xmlns=\"http:\/\/www.w3.org\/2000\/svg\">\n               <path d=\"M2 11.4999L22 11.4999\" stroke=\"white\" stroke-width=\"3\" stroke-linecap=\"square\"\/>\n               <path d=\"M15 21.4999L25 11.4999L15 1.49988\" stroke=\"white\" stroke-width=\"3\"\/>\n               <\/svg>\n          <\/span>\n\n     <\/a>\n\n<\/div>\n<\/div>","protected":false},"excerpt":{"rendered":"<p>Objetivos y planificaci\u00f3n de la evaluaci\u00f3n Hay muchas razones para recopilar datos sobre un programa concreto. Puede ser simplemente un requisito de su organizaci\u00f3n o de la entidad que financia el programa. Puede haber presiones para demostrar los resultados a fin de acceder a m\u00e1s financiaci\u00f3n, promover el programa o publicar resultados positivos. Dadas estas presiones, lo que a veces ocurre en [...]<\/p>","protected":false},"author":1,"featured_media":0,"parent":0,"menu_order":0,"comment_status":"closed","ping_status":"closed","template":"","meta":{"_acf_changed":false,"footnotes":""},"class_list":{"2":"type-page"},"acf":[],"yoast_head":"<!-- This site is optimized with the Yoast SEO plugin v26.6 - https:\/\/yoast.com\/wordpress\/plugins\/seo\/ -->\n<title>Evaluation Goals and Planning - IDEAS Impact Framework<\/title>\n<meta name=\"description\" content=\"Within the IDEAS Framework the purpose of an evaluation is to investigate the program theory of change and improve the program through fast-cycle iteration. Download a fillable Fast-Cycle Iteration template.\" \/>\n<meta name=\"robots\" content=\"index, follow, max-snippet:-1, max-image-preview:large, max-video-preview:-1\" \/>\n<link rel=\"canonical\" href=\"https:\/\/ideas.developingchild.harvard.edu\/es\/evaluacion\/\" \/>\n<meta property=\"og:locale\" content=\"es_ES\" \/>\n<meta property=\"og:type\" content=\"article\" \/>\n<meta property=\"og:title\" content=\"Evaluation Goals and Planning - IDEAS Impact Framework\" \/>\n<meta property=\"og:description\" content=\"Within the IDEAS Framework the purpose of an evaluation is to investigate the program theory of change and improve the program through fast-cycle iteration. Download a fillable Fast-Cycle Iteration template.\" \/>\n<meta property=\"og:url\" content=\"https:\/\/ideas.developingchild.harvard.edu\/es\/evaluacion\/\" \/>\n<meta property=\"og:site_name\" content=\"IDEAS Impact Framework\" \/>\n<meta property=\"article:modified_time\" content=\"2023-01-31T11:26:50+00:00\" \/>\n<meta property=\"og:image\" content=\"https:\/\/ideas.developingchild.harvard.edu\/wp-content\/uploads\/2022\/09\/arrow-down-red.svg\" \/>\n<meta name=\"twitter:card\" content=\"summary_large_image\" \/>\n<script type=\"application\/ld+json\" class=\"yoast-schema-graph\">{\"@context\":\"https:\/\/schema.org\",\"@graph\":[{\"@type\":\"WebPage\",\"@id\":\"https:\/\/ideas.developingchild.harvard.edu\/evaluation\/\",\"url\":\"https:\/\/ideas.developingchild.harvard.edu\/evaluation\/\",\"name\":\"Evaluation Goals and Planning - IDEAS Impact Framework\",\"isPartOf\":{\"@id\":\"https:\/\/ideas.developingchild.harvard.edu\/#website\"},\"primaryImageOfPage\":{\"@id\":\"https:\/\/ideas.developingchild.harvard.edu\/evaluation\/#primaryimage\"},\"image\":{\"@id\":\"https:\/\/ideas.developingchild.harvard.edu\/evaluation\/#primaryimage\"},\"thumbnailUrl\":\"https:\/\/ideas.developingchild.harvard.edu\/wp-content\/uploads\/2022\/09\/arrow-down-red.svg\",\"datePublished\":\"2022-09-19T16:37:37+00:00\",\"dateModified\":\"2023-01-31T11:26:50+00:00\",\"description\":\"Within the IDEAS Framework the purpose of an evaluation is to investigate the program theory of change and improve the program through fast-cycle iteration. Download a fillable Fast-Cycle Iteration template.\",\"breadcrumb\":{\"@id\":\"https:\/\/ideas.developingchild.harvard.edu\/evaluation\/#breadcrumb\"},\"inLanguage\":\"es-CO\",\"potentialAction\":[{\"@type\":\"ReadAction\",\"target\":[\"https:\/\/ideas.developingchild.harvard.edu\/evaluation\/\"]}]},{\"@type\":\"ImageObject\",\"inLanguage\":\"es-CO\",\"@id\":\"https:\/\/ideas.developingchild.harvard.edu\/evaluation\/#primaryimage\",\"url\":\"https:\/\/ideas.developingchild.harvard.edu\/wp-content\/uploads\/2022\/09\/arrow-down-red.svg\",\"contentUrl\":\"https:\/\/ideas.developingchild.harvard.edu\/wp-content\/uploads\/2022\/09\/arrow-down-red.svg\"},{\"@type\":\"BreadcrumbList\",\"@id\":\"https:\/\/ideas.developingchild.harvard.edu\/evaluation\/#breadcrumb\",\"itemListElement\":[{\"@type\":\"ListItem\",\"position\":1,\"name\":\"Home\",\"item\":\"https:\/\/ideas.developingchild.harvard.edu\/\"},{\"@type\":\"ListItem\",\"position\":2,\"name\":\"Evaluation Goals and Planning\"}]},{\"@type\":\"WebSite\",\"@id\":\"https:\/\/ideas.developingchild.harvard.edu\/#website\",\"url\":\"https:\/\/ideas.developingchild.harvard.edu\/\",\"name\":\"IDEAS Impact Framework\",\"description\":\"Reimagining Program Development and Evaluation\",\"potentialAction\":[{\"@type\":\"SearchAction\",\"target\":{\"@type\":\"EntryPoint\",\"urlTemplate\":\"https:\/\/ideas.developingchild.harvard.edu\/?s={search_term_string}\"},\"query-input\":{\"@type\":\"PropertyValueSpecification\",\"valueRequired\":true,\"valueName\":\"search_term_string\"}}],\"inLanguage\":\"es-CO\"}]}<\/script>\n<!-- \/ Yoast SEO plugin. -->","yoast_head_json":{"title":"Objetivos y planificaci\u00f3n de la evaluaci\u00f3n - Marco de impacto de IDEAS","description":"Dentro del Marco IDEAS, el prop\u00f3sito de una evaluaci\u00f3n es investigar la teor\u00eda del cambio del programa y mejorar el programa a trav\u00e9s de la iteraci\u00f3n de ciclo r\u00e1pido. Descargue una plantilla de iteraci\u00f3n de ciclo r\u00e1pido rellenable.","robots":{"index":"index","follow":"follow","max-snippet":"max-snippet:-1","max-image-preview":"max-image-preview:large","max-video-preview":"max-video-preview:-1"},"canonical":"https:\/\/ideas.developingchild.harvard.edu\/es\/evaluacion\/","og_locale":"es_ES","og_type":"article","og_title":"Evaluation Goals and Planning - IDEAS Impact Framework","og_description":"Within the IDEAS Framework the purpose of an evaluation is to investigate the program theory of change and improve the program through fast-cycle iteration. Download a fillable Fast-Cycle Iteration template.","og_url":"https:\/\/ideas.developingchild.harvard.edu\/es\/evaluacion\/","og_site_name":"IDEAS Impact Framework","article_modified_time":"2023-01-31T11:26:50+00:00","og_image":[{"url":"https:\/\/ideas.developingchild.harvard.edu\/wp-content\/uploads\/2022\/09\/arrow-down-red.svg","type":"","width":"","height":""}],"twitter_card":"summary_large_image","schema":{"@context":"https:\/\/schema.org","@graph":[{"@type":"WebPage","@id":"https:\/\/ideas.developingchild.harvard.edu\/evaluation\/","url":"https:\/\/ideas.developingchild.harvard.edu\/evaluation\/","name":"Objetivos y planificaci\u00f3n de la evaluaci\u00f3n - Marco de impacto de IDEAS","isPartOf":{"@id":"https:\/\/ideas.developingchild.harvard.edu\/#website"},"primaryImageOfPage":{"@id":"https:\/\/ideas.developingchild.harvard.edu\/evaluation\/#primaryimage"},"image":{"@id":"https:\/\/ideas.developingchild.harvard.edu\/evaluation\/#primaryimage"},"thumbnailUrl":"https:\/\/ideas.developingchild.harvard.edu\/wp-content\/uploads\/2022\/09\/arrow-down-red.svg","datePublished":"2022-09-19T16:37:37+00:00","dateModified":"2023-01-31T11:26:50+00:00","description":"Dentro del Marco IDEAS, el prop\u00f3sito de una evaluaci\u00f3n es investigar la teor\u00eda del cambio del programa y mejorar el programa a trav\u00e9s de la iteraci\u00f3n de ciclo r\u00e1pido. Descargue una plantilla de iteraci\u00f3n de ciclo r\u00e1pido rellenable.","breadcrumb":{"@id":"https:\/\/ideas.developingchild.harvard.edu\/evaluation\/#breadcrumb"},"inLanguage":"es-CO","potentialAction":[{"@type":"ReadAction","target":["https:\/\/ideas.developingchild.harvard.edu\/evaluation\/"]}]},{"@type":"ImageObject","inLanguage":"es-CO","@id":"https:\/\/ideas.developingchild.harvard.edu\/evaluation\/#primaryimage","url":"https:\/\/ideas.developingchild.harvard.edu\/wp-content\/uploads\/2022\/09\/arrow-down-red.svg","contentUrl":"https:\/\/ideas.developingchild.harvard.edu\/wp-content\/uploads\/2022\/09\/arrow-down-red.svg"},{"@type":"BreadcrumbList","@id":"https:\/\/ideas.developingchild.harvard.edu\/evaluation\/#breadcrumb","itemListElement":[{"@type":"ListItem","position":1,"name":"Home","item":"https:\/\/ideas.developingchild.harvard.edu\/"},{"@type":"ListItem","position":2,"name":"Evaluation Goals and Planning"}]},{"@type":"WebSite","@id":"https:\/\/ideas.developingchild.harvard.edu\/#website","url":"https:\/\/ideas.developingchild.harvard.edu\/","name":"Marco de impacto de IDEAS","description":"Reimaginando el desarrollo y la evaluaci\u00f3n de programas","potentialAction":[{"@type":"SearchAction","target":{"@type":"EntryPoint","urlTemplate":"https:\/\/ideas.developingchild.harvard.edu\/?s={search_term_string}"},"query-input":{"@type":"PropertyValueSpecification","valueRequired":true,"valueName":"search_term_string"}}],"inLanguage":"es-CO"}]}},"_links":{"self":[{"href":"https:\/\/ideas.developingchild.harvard.edu\/es\/wp-json\/wp\/v2\/pages\/394","targetHints":{"allow":["GET"]}}],"collection":[{"href":"https:\/\/ideas.developingchild.harvard.edu\/es\/wp-json\/wp\/v2\/pages"}],"about":[{"href":"https:\/\/ideas.developingchild.harvard.edu\/es\/wp-json\/wp\/v2\/types\/page"}],"author":[{"embeddable":true,"href":"https:\/\/ideas.developingchild.harvard.edu\/es\/wp-json\/wp\/v2\/users\/1"}],"replies":[{"embeddable":true,"href":"https:\/\/ideas.developingchild.harvard.edu\/es\/wp-json\/wp\/v2\/comments?post=394"}],"version-history":[{"count":0,"href":"https:\/\/ideas.developingchild.harvard.edu\/es\/wp-json\/wp\/v2\/pages\/394\/revisions"}],"wp:attachment":[{"href":"https:\/\/ideas.developingchild.harvard.edu\/es\/wp-json\/wp\/v2\/media?parent=394"}],"curies":[{"name":"wp","href":"https:\/\/api.w.org\/{rel}","templated":true}]}}