{"id":422,"date":"2022-09-19T18:09:27","date_gmt":"2022-09-19T18:09:27","guid":{"rendered":"http:\/\/ideas.local\/?page_id=422"},"modified":"2022-10-14T19:12:56","modified_gmt":"2022-10-14T19:12:56","slug":"historia-agradecimientos","status":"publish","type":"page","link":"https:\/\/ideas.developingchild.harvard.edu\/es\/history-acknowledgements\/","title":{"rendered":"Historia y agradecimientos"},"content":{"rendered":"<div class=\"wp-block-group alignfull is-style-no-margin has-quaternary-dark-background-color has-background is-layout-flow wp-block-group-is-layout-flow\">\n<div id=\"max-width-block_7cd95e64123903d26a69245ab2dfcaba\" class=\"acf-block block-max-width has-text-align-left\">\n\n     <div class=\"block-max-width__interior\" style=\"max-width:600px;\">\n          <div class=\"block-max-width__innerBlocks acf-inner-blocks-container\">\n\n<h1 class=\"has-background-color has-text-color wp-block-heading\">Historia y agradecimientos<\/h1>\n\n<\/div>\n     <\/div>\n\n<\/div>\n<\/div>\n\n\n\n<div class=\"wp-block-group alignfull is-style-less-padding is-style-no-margin has-septenary-background-color has-background is-layout-constrained wp-container-core-group-is-layout-be72e83a wp-block-group-is-layout-constrained\">\n<div class=\"wp-block-group is-style-extra-padding has-background-background-color has-background is-layout-flow wp-block-group-is-layout-flow\">\n<h2 class=\"has-secondary-color has-text-color has-font-size-5-font-size wp-block-heading\">Historia<\/h2>\n\n\n\n<p class=\"translation-block\">El Center on the Developing Child de la Universidad de Harvard (HCDC) puso en marcha la iniciativa <a href=\"https:\/\/developingchild.harvard.edu\/innovation-application\/frontiers-of-innovation\/\" target=\"_blank\" rel=\"noreferrer noopener\">Fronteras de Innovaci\u00f3n<\/a> (FOI) en 2011 para acelerar el desarrollo y la adopci\u00f3n de innovaciones de base cient\u00edfica que logren un impacto revolucionario a gran escala. Como parte de FOI, se cre\u00f3 el <a href=\"https:\/\/devhcdc.wpengine.com\/innovation-application\/washington-cluster\/\" target=\"_blank\" rel=\"noreferrer noopener\">Washington Innovation Cluster<\/a> para reunir a un conjunto diverso de colaboradores, incluidos l\u00edderes comunitarios, profesionales, investigadores y responsables pol\u00edticos, para desarrollar, implementar, probar y perfeccionar nuevas estrategias prometedoras para apoyar a los ni\u00f1os peque\u00f1os y a sus familias. Un conjunto com\u00fan de desaf\u00edos surgi\u00f3 a trav\u00e9s de las primeras fases de ese trabajo, y el IDEAS Impact Framework fue desarrollado en 2015 en respuesta a esos desaf\u00edos.<br><br>Desde 2015, HCDC y nuestros socios han ofrecido una variedad de experiencias de desarrollo de capacidades basadas en el Marco, incluyendo capacitaci\u00f3n de un d\u00eda, talleres de dos d\u00edas y coaching continuo. En 2016, FOI y sus socios en Am\u00e9rica Latina lanzaron dos cl\u00fasteres de innovaci\u00f3n adicionales: la <a href=\"https:\/\/www.u-erre.mx\/labs\/aceleradora-de-innovacion-para-la-primera-infancia\" target=\"_blank\" rel=\"noreferrer noopener\">Aceleradora de Innovaci\u00f3n para la Primera Infancia en M\u00e9xico<\/a> y el <a href=\"https:\/\/ncpi.org.br\/en-us\/workstreams\/ilab\/\" target=\"_blank\" rel=\"noreferrer noopener\">iLab Primeira Inf\u00e2ncia<\/a> en Brasil. En cada caso, los equipos locales recibieron formaci\u00f3n para utilizar el Marco en apoyo de los innovadores de su contexto. IDEAS tambi\u00e9n se ha empleado en otras iniciativas, como <a href=\"https:\/\/kingcounty.gov\/depts\/community-human-services\/initiatives\/best-starts-for-kids.aspx\" target=\"_blank\" rel=\"noreferrer noopener\">Best Starts for Kids<\/a> en King County, Washington; <a href=\"https:\/\/solve.mit.edu\/challenges\/early-childhood-development\" target=\"_blank\" rel=\"noreferrer noopener\">MIT Solve Early Childhood Development challenge<\/a>; <a href=\"https:\/\/www.promisestudio.org\/ecd-fellowship-overview\" target=\"_blank\" rel=\"noreferrer noopener\">Beca Promising Ventures<\/a>; y la <a href=\"https:\/\/archives.lib.state.ma.us\/bitstream\/handle\/2452\/825295\/ocn972879378-2020-01-14-update2.pdf?sequence=3&amp;isAllowed=y\" target=\"_blank\" rel=\"noreferrer noopener\">Iniciativa StrongStart de organizaciones de apoyo a la primera infancia<\/a>. Aproximadamente 1.000 personas han asistido a una sesi\u00f3n de formaci\u00f3n de un d\u00eda, m\u00e1s de 100 equipos han participado en talleres de varios d\u00edas y 85 equipos han utilizado el Marco para participar en <a href=\"https:\/\/developingchild.harvard.edu\/resources\/current-frontiers-innovation-portfolio-projects\/\" target=\"_blank\" rel=\"noreferrer noopener\"><em>proyectos de iteraci\u00f3n de ciclo r\u00e1pido<\/em><\/a> como parte de FOI.<br><br>Aunque el equipo de HCDC ya no ofrece formaci\u00f3n en directo, talleres o coaching sobre el Marco, esperamos que este  manual digital de acceso abierto haga que IDEAS sea accesible a los innovadores en el campo de DIT en el futuro. Otros recursos relacionados pueden encontrarse en la secci\u00f3n de recursos.<\/p>\n\n\n\n<div style=\"height:100px\" aria-hidden=\"true\" class=\"wp-block-spacer is-style-medium\"><\/div>\n\n\n\n<div id=\"acf-separator-block_9c1d874bfe887c831846b9a94d884190\" class=\"acf-block block-separator no-margin\">\n     <hr style=\"height: 1px;border-top-style:solid;border-width:calc(1px - 1px);border-color: var(--wp--preset--color--septenary-dark);background-color: var(--wp--preset--color--septenary-dark);\">\n<\/div>\n\n\n\n<div style=\"height:100px\" aria-hidden=\"true\" class=\"wp-block-spacer is-style-medium\"><\/div>\n\n\n\n<h2 class=\"has-secondary-color has-text-color has-font-size-5-font-size wp-block-heading\">Agradecimientos<\/h2>\n\n\n\n<p class=\"translation-block\">El Marco IDEAS se desarroll\u00f3 inicialmente a trav\u00e9s de una iniciativa conjunta entre el Center on the Developing Child de la Universidad de Harvard, la <a href=\"https:\/\/urldefense.proofpoint.com\/v2\/url?u=https-3A__education.uw.edu_people_faculty_hschindl&amp;d=DwMF-g&amp;c=WO-RGvefibhHBZq3fL85hQ&amp;r=92opncXpf0PPd-3PhcTpb9zl1891-qamP4--pC_tIuU&amp;m=nLo_AbQoVvbASYZZThoRyY2hsL_rRsGK9i3wMU-5Ii4FR7OXXyCRvDPGfhXDg60K&amp;s=cYdJiMNeEqABmGtKyUUdKWUvzOqiSRzAXzTJ11y06pk&amp;e=\" target=\"_blank\" rel=\"noreferrer noopener\">Facultad de Educaci\u00f3n de la Universidad de Washington<\/a> y el <a href=\"https:\/\/urldefense.proofpoint.com\/v2\/url?u=https-3A__ctn.uoregon.edu_&amp;d=DwMF-g&amp;c=WO-RGvefibhHBZq3fL85hQ&amp;r=92opncXpf0PPd-3PhcTpb9zl1891-qamP4--pC_tIuU&amp;m=nLo_AbQoVvbASYZZThoRyY2hsL_rRsGK9i3wMU-5Ii4FR7OXXyCRvDPGfhXDg60K&amp;s=k117zyzDRNqRf7D2us40y746BddmevKQcEYzUTsjP2Q&amp;e=\" target=\"_blank\" rel=\"noreferrer noopener\">Centro de Neurociencia Traslacional<\/a> de la Universidad de Oreg\u00f3n. El equipo de desarrollo trat\u00f3 de \"predicar con el ejemplo\" recurriendo a la iteraci\u00f3n r\u00e1pida en cada oportunidad, aprovechando las numerosas rondas de comentarios de los equipos, nuestro personal y nuestros socios. En consecuencia, y de acuerdo con el principio de cocreaci\u00f3n, este manual digital refleja el esfuerzo colectivo y el aprendizaje de muchas organizaciones y personas. Los autores del manual est\u00e1n profundamente agradecidos a todos los participantes por sus contribuciones al Marco y su firme compromiso de impulsar un mayor impacto para los ni\u00f1os y ni\u00f1as y las familias. Gracias tambi\u00e9n a los generosos financiadores y colaboradores de nuestro Centro, en especial a <a href=\"https:\/\/www.gatesfoundation.org\/\" target=\"_blank\" rel=\"noreferrer noopener\">la Fundaci\u00f3n Gates<\/a>, <a href=\"https:\/\/learningthroughplay.com\/about-us\/the-lego-foundation\" target=\"_blank\" rel=\"noreferrer noopener\">la Fundaci\u00f3n LEGO<\/a>, <a href=\"https:\/\/www.porticus.com\/en\/home\/\" target=\"_blank\" rel=\"noreferrer noopener\">Porticus<\/a> y <a href=\"https:\/\/hemera.org\/\" target=\"_blank\" rel=\"noreferrer noopener\">la Fundaci\u00f3n Hemera<\/a> que invirti\u00f3 espec\u00edficamente en el desarrollo del Marco y de este manual digital.<\/p>\n<\/div>\n<\/div>\n\n\n\n<div class=\"wp-block-group alignfull has-background-background-color has-background is-layout-flow wp-block-group-is-layout-flow\">\n<div id=\"next-button-block_7931f5a3cb3b84862302ae12cd42b5d6\" class=\"acf-block block-next-button\">\n\n     <a class=\"block-next-button__button\" href=\"https:\/\/ideas.developingchild.harvard.edu\/es\/vision-general\/\">\n\n          <div class=\"block-next-button__text\">\n\n               <span class=\"block-next-button__leader is-style-eyebrow\">\n                    Sum\u00e9rgete:               <\/span>\n\n               <span class=\"block-next-button__button-text\">\n                    Descripci\u00f3n general del marco               <\/span>\n\n               \n          <\/div>\n\n          <span class=\"block-next-button__arrow\">\n                              <svg width=\"28\" height=\"23\" viewbox=\"0 0 28 23\" fill=\"none\" xmlns=\"http:\/\/www.w3.org\/2000\/svg\">\n               <path d=\"M2 11.4999L22 11.4999\" stroke=\"white\" stroke-width=\"3\" stroke-linecap=\"square\"\/>\n               <path d=\"M15 21.4999L25 11.4999L15 1.49988\" stroke=\"white\" stroke-width=\"3\"\/>\n               <\/svg>\n          <\/span>\n\n     <\/a>\n\n<\/div>\n<\/div>","protected":false},"excerpt":{"rendered":"<p>History The Center on the Developing Child at Harvard University (HCDC) launched the Frontiers of Innovation (FOI) initiative in 2011 to accelerate the development and adoption of science-based innovations that achieve breakthrough impact at scale. As part of FOI, the Washington Innovation Cluster was established to bring together a diverse set of collaborators, including community [&hellip;]<\/p>\n","protected":false},"author":1,"featured_media":0,"parent":0,"menu_order":0,"comment_status":"closed","ping_status":"closed","template":"","meta":{"_acf_changed":false,"footnotes":""},"class_list":{"2":"type-page"},"acf":[],"yoast_head":"<!-- This site is optimized with the Yoast SEO plugin v27.4 - https:\/\/yoast.com\/product\/yoast-seo-wordpress\/ -->\n<title>History &amp; Acknowledgements - IDEAS Impact Framework<\/title>\n<meta name=\"description\" content=\"Learn about diverse collaborators at the Center on the Developing Child at Harvard University and beyond who developed the IDEAS Impact Framework.\" \/>\n<meta name=\"robots\" content=\"index, follow, max-snippet:-1, max-image-preview:large, max-video-preview:-1\" \/>\n<link rel=\"canonical\" href=\"https:\/\/ideas.developingchild.harvard.edu\/es\/historia-agradecimientos\/\" \/>\n<meta property=\"og:locale\" content=\"es_ES\" \/>\n<meta property=\"og:type\" content=\"article\" \/>\n<meta property=\"og:title\" content=\"History &amp; Acknowledgements - IDEAS Impact Framework\" \/>\n<meta property=\"og:description\" content=\"Learn about diverse collaborators at the Center on the Developing Child at Harvard University and beyond who developed the IDEAS Impact Framework.\" \/>\n<meta property=\"og:url\" content=\"https:\/\/ideas.developingchild.harvard.edu\/es\/historia-agradecimientos\/\" \/>\n<meta property=\"og:site_name\" content=\"IDEAS Impact Framework\" \/>\n<meta property=\"article:modified_time\" content=\"2022-10-14T19:12:56+00:00\" \/>\n<meta name=\"twitter:card\" content=\"summary_large_image\" \/>\n<script type=\"application\/ld+json\" class=\"yoast-schema-graph\">{\"@context\":\"https:\\\/\\\/schema.org\",\"@graph\":[{\"@type\":\"WebPage\",\"@id\":\"https:\\\/\\\/ideas.developingchild.harvard.edu\\\/history-acknowledgements\\\/\",\"url\":\"https:\\\/\\\/ideas.developingchild.harvard.edu\\\/history-acknowledgements\\\/\",\"name\":\"History & Acknowledgements - IDEAS Impact Framework\",\"isPartOf\":{\"@id\":\"https:\\\/\\\/ideas.developingchild.harvard.edu\\\/#website\"},\"datePublished\":\"2022-09-19T18:09:27+00:00\",\"dateModified\":\"2022-10-14T19:12:56+00:00\",\"description\":\"Learn about diverse collaborators at the Center on the Developing Child at Harvard University and beyond who developed the IDEAS Impact Framework.\",\"breadcrumb\":{\"@id\":\"https:\\\/\\\/ideas.developingchild.harvard.edu\\\/history-acknowledgements\\\/#breadcrumb\"},\"inLanguage\":\"es-CO\",\"potentialAction\":[{\"@type\":\"ReadAction\",\"target\":[\"https:\\\/\\\/ideas.developingchild.harvard.edu\\\/history-acknowledgements\\\/\"]}]},{\"@type\":\"BreadcrumbList\",\"@id\":\"https:\\\/\\\/ideas.developingchild.harvard.edu\\\/history-acknowledgements\\\/#breadcrumb\",\"itemListElement\":[{\"@type\":\"ListItem\",\"position\":1,\"name\":\"Home\",\"item\":\"https:\\\/\\\/ideas.developingchild.harvard.edu\\\/\"},{\"@type\":\"ListItem\",\"position\":2,\"name\":\"History &#038; Acknowledgements\"}]},{\"@type\":\"WebSite\",\"@id\":\"https:\\\/\\\/ideas.developingchild.harvard.edu\\\/#website\",\"url\":\"https:\\\/\\\/ideas.developingchild.harvard.edu\\\/\",\"name\":\"IDEAS Impact Framework\",\"description\":\"Reimagining Program Development and Evaluation\",\"potentialAction\":[{\"@type\":\"SearchAction\",\"target\":{\"@type\":\"EntryPoint\",\"urlTemplate\":\"https:\\\/\\\/ideas.developingchild.harvard.edu\\\/?s={search_term_string}\"},\"query-input\":{\"@type\":\"PropertyValueSpecification\",\"valueRequired\":true,\"valueName\":\"search_term_string\"}}],\"inLanguage\":\"es-CO\"}]}<\/script>\n<!-- \/ Yoast SEO plugin. -->","yoast_head_json":{"title":"Historia y agradecimientos - Marco de impacto de IDEAS","description":"Conozca a los diversos colaboradores del Center on the Developing Child de la Universidad de Harvard y de otras instituciones que han desarrollado el marco de impacto IDEAS.","robots":{"index":"index","follow":"follow","max-snippet":"max-snippet:-1","max-image-preview":"max-image-preview:large","max-video-preview":"max-video-preview:-1"},"canonical":"https:\/\/ideas.developingchild.harvard.edu\/es\/historia-agradecimientos\/","og_locale":"es_ES","og_type":"article","og_title":"History & Acknowledgements - IDEAS Impact Framework","og_description":"Learn about diverse collaborators at the Center on the Developing Child at Harvard University and beyond who developed the IDEAS Impact Framework.","og_url":"https:\/\/ideas.developingchild.harvard.edu\/es\/historia-agradecimientos\/","og_site_name":"IDEAS Impact Framework","article_modified_time":"2022-10-14T19:12:56+00:00","twitter_card":"summary_large_image","schema":{"@context":"https:\/\/schema.org","@graph":[{"@type":"WebPage","@id":"https:\/\/ideas.developingchild.harvard.edu\/history-acknowledgements\/","url":"https:\/\/ideas.developingchild.harvard.edu\/history-acknowledgements\/","name":"Historia y agradecimientos - Marco de impacto de IDEAS","isPartOf":{"@id":"https:\/\/ideas.developingchild.harvard.edu\/#website"},"datePublished":"2022-09-19T18:09:27+00:00","dateModified":"2022-10-14T19:12:56+00:00","description":"Conozca a los diversos colaboradores del Center on the Developing Child de la Universidad de Harvard y de otras instituciones que han desarrollado el marco de impacto IDEAS.","breadcrumb":{"@id":"https:\/\/ideas.developingchild.harvard.edu\/history-acknowledgements\/#breadcrumb"},"inLanguage":"es-CO","potentialAction":[{"@type":"ReadAction","target":["https:\/\/ideas.developingchild.harvard.edu\/history-acknowledgements\/"]}]},{"@type":"BreadcrumbList","@id":"https:\/\/ideas.developingchild.harvard.edu\/history-acknowledgements\/#breadcrumb","itemListElement":[{"@type":"ListItem","position":1,"name":"Home","item":"https:\/\/ideas.developingchild.harvard.edu\/"},{"@type":"ListItem","position":2,"name":"History &#038; Acknowledgements"}]},{"@type":"WebSite","@id":"https:\/\/ideas.developingchild.harvard.edu\/#website","url":"https:\/\/ideas.developingchild.harvard.edu\/","name":"Marco de impacto de IDEAS","description":"Reimaginando el desarrollo y la evaluaci\u00f3n de programas","potentialAction":[{"@type":"SearchAction","target":{"@type":"EntryPoint","urlTemplate":"https:\/\/ideas.developingchild.harvard.edu\/?s={search_term_string}"},"query-input":{"@type":"PropertyValueSpecification","valueRequired":true,"valueName":"search_term_string"}}],"inLanguage":"es-CO"}]}},"_links":{"self":[{"href":"https:\/\/ideas.developingchild.harvard.edu\/es\/wp-json\/wp\/v2\/pages\/422","targetHints":{"allow":["GET"]}}],"collection":[{"href":"https:\/\/ideas.developingchild.harvard.edu\/es\/wp-json\/wp\/v2\/pages"}],"about":[{"href":"https:\/\/ideas.developingchild.harvard.edu\/es\/wp-json\/wp\/v2\/types\/page"}],"author":[{"embeddable":true,"href":"https:\/\/ideas.developingchild.harvard.edu\/es\/wp-json\/wp\/v2\/users\/1"}],"replies":[{"embeddable":true,"href":"https:\/\/ideas.developingchild.harvard.edu\/es\/wp-json\/wp\/v2\/comments?post=422"}],"version-history":[{"count":0,"href":"https:\/\/ideas.developingchild.harvard.edu\/es\/wp-json\/wp\/v2\/pages\/422\/revisions"}],"wp:attachment":[{"href":"https:\/\/ideas.developingchild.harvard.edu\/es\/wp-json\/wp\/v2\/media?parent=422"}],"curies":[{"name":"wp","href":"https:\/\/api.w.org\/{rel}","templated":true}]}}