{"id":678,"date":"2022-09-22T17:03:56","date_gmt":"2022-09-22T17:03:56","guid":{"rendered":"http:\/\/ideas.local\/?page_id=678"},"modified":"2022-10-24T15:43:10","modified_gmt":"2022-10-24T15:43:10","slug":"como-utilizar-una-teoria-del-cambio","status":"publish","type":"page","link":"https:\/\/ideas.developingchild.harvard.edu\/es\/theory-of-change\/how-to-use-a-theory-of-change\/","title":{"rendered":"C\u00f3mo utilizar una Teor\u00eda del Cambio"},"content":{"rendered":"<div id=\"hero-block_fb504b51f35544e9ab6cde2862d0b128\" class=\"acf-block block-hero has-background has-tertiary-light-background-color alignfull\">\n\n     <div class=\"wrap\">\n\n          <div class=\"block-hero__innerBlocks acf-inner-blocks-container\">\n\n<h1 class=\"wp-block-heading\">Teor\u00eda del Cambio<\/h1>\n\n\n\n<p class=\"is-style-left-dash has-tertiary-background-color has-background has-font-size-5-font-size\">Explicar con claridad y precisi\u00f3n en qu\u00e9 consiste su programa y c\u00f3mo espera marcar una diferencia.<\/p>\n\n<\/div>\n\n          <div class=\"block-hero__image\">\n               <img decoding=\"async\" class=\"nolazy\" src=\"https:\/\/ideas.developingchild.harvard.edu\/wp-content\/uploads\/2022\/10\/IDEAS-graphic-toc.png\" alt=\"http:\/\/A%20group%20of%20adults%20discussing%20a%20diagram%20on%20a%20wall\">\n          <\/div>\n\n     <\/div>\n\n<\/div>\n\n\n\n<div id=\"sticky-nav-target\" style=\"margin-bottom:0 !important;\"><\/div>\n<div id=\"sticky-nav-block_d72415d2b9ba2c274c9f25777bd3ebbb\" class=\"acf-block block-sticky-nav alignfull\">\n\n     <button class=\"block-sticky-nav__mobile-toggle\" aria-label=\"Alternar la navegaci\u00f3n adhesiva m\u00f3vil\">\n          C\u00f3mo utilizar una Teor\u00eda del Cambio                    <svg width=\"19\" height=\"12\" viewbox=\"0 0 14 9\" fill=\"none\" xmlns=\"http:\/\/www.w3.org\/2000\/svg\">\n               <path d=\"M2 2L7 7L12 2\" stroke=\"#3D4457\" stroke-width=\"2\" stroke-linecap=\"square\"\/>\n          <\/svg>\n     <\/button>\n\n     <div class=\"block-sticky-nav__menu-wrap\"><ul id=\"menu-theory-of-change-menu\" class=\"block-sticky-nav__menu\"><li id=\"menu-item-675\" class=\"menu-item\"><a href=\"https:\/\/ideas.developingchild.harvard.edu\/es\/theory-of-change\/\">El enfoque IDEAS de la teor\u00eda del cambio<\/a><\/li>\n<li id=\"menu-item-681\" class=\"menu-item\"><a href=\"https:\/\/ideas.developingchild.harvard.edu\/es\/theory-of-change\/developing-a-theory-of-change\/\">Desarrollar una teor\u00eda del cambio<\/a><\/li>\n<li id=\"menu-item-680\" class=\"menu-item\"><a href=\"https:\/\/ideas.developingchild.harvard.edu\/es\/theory-of-change\/how-to-use-a-theory-of-change\/\">C\u00f3mo utilizar una Teor\u00eda del Cambio<\/a><\/li>\n<\/ul><\/div>\n<\/div>\n\n\n\n<div class=\"wp-block-group alignfull has-background-background-color has-background is-layout-flow wp-block-group-is-layout-flow\">\n<h2 class=\"wp-block-heading\">C\u00f3mo utilizar una teor\u00eda del cambio<\/h2>\n\n\n\n<div style=\"height:100px\" aria-hidden=\"true\" class=\"wp-block-spacer is-style-small\"><\/div>\n\n\n\n<div class=\"wp-block-columns is-layout-flex wp-container-core-columns-is-layout-9d6595d7 wp-block-columns-is-layout-flex\">\n<div class=\"wp-block-column is-layout-flow wp-block-column-is-layout-flow\" style=\"flex-basis:66.66%\">\n<p class=\"is-style-alternate-font has-font-size-6-font-size\">Una vez que elabore una TdC inicial para su programa, sirve como modelo de trabajo de las hip\u00f3tesis que podr\u00eda poner a prueba. Por ejemplo, su equipo podr\u00eda preguntarse<\/p>\n\n\n\n<ol class=\"wp-block-list\"><li>\u00bfLas <strong>estrategias<\/strong> del producto o programa son viables y aceptables para los participantes?<\/li><li>\u00bfHay evidencia que sugiera que los <strong>objetivos<\/strong> est\u00e1n cambiando en la direcci\u00f3n prevista?<\/li><li>\u00bfHay evidencia que sugiera que los <strong>resultados<\/strong> est\u00e1n cambiando en la direcci\u00f3n prevista?<\/li><li>\u00bfLos <strong>moderadores<\/strong> ayudan a explicar la variabilidad del impacto?<\/li><\/ol>\n<\/div>\n\n\n\n<div class=\"wp-block-column is-layout-flow wp-block-column-is-layout-flow\" style=\"flex-basis:33.33%\"><\/div>\n<\/div>\n\n\n\n<div id=\"acf-separator-block_89faf8f854e970aa332e2c183703c8f8\" class=\"acf-block block-separator yes-margin\">\n     <hr style=\"height: 1px;border-top-style:solid;border-width:calc(1px - 1px);border-color: var(--wp--preset--color--septenary-dark);background-color: var(--wp--preset--color--septenary-dark);\">\n<\/div>\n\n\n\n<div class=\"wp-block-columns is-layout-flex wp-container-core-columns-is-layout-9d6595d7 wp-block-columns-is-layout-flex\">\n<div class=\"wp-block-column is-layout-flow wp-block-column-is-layout-flow\" style=\"flex-basis:66.66%\">\n<p class=\"is-style-default\">El an\u00e1lisis de los datos despu\u00e9s de cada ciclo debe ajustarse a las preguntas identificadas durante el proceso de planificaci\u00f3n de la evaluaci\u00f3n. Los resultados de cada ciclo pueden utilizarse para revisar y mejorar el programa y la TdC.<\/p>\n\n\n\n<p><strong>Buscar m\u00e1s recursos sobre la teor\u00eda del cambio <a href=\"https:\/\/ideas.developingchild.harvard.edu\/es\/recursos\/\">aqu\u00ed<\/a>.<\/strong><\/p>\n<\/div>\n\n\n\n<div class=\"wp-block-column is-layout-flow wp-block-column-is-layout-flow\" style=\"flex-basis:33.33%\">\n<div id=\"icon-group-block_b7c45b7b568ff23bed9aa852fae3e382\" class=\"acf-block block-icon-group has-background has-primary-light-background-color\">\n\n     <div class=\"block-icon-group__icon\">\n          <img decoding=\"async\" src=\"https:\/\/ideas.developingchild.harvard.edu\/wp-content\/themes\/ideas-impact-framework\/assets\/images\/icons\/lightbulb-icon.svg\" alt=\"Icono de la bombilla\" width=\"22px\" height=\"22px\">\n     <\/div>\n\n     <div class=\"block-icon-group__innerBlocks acf-inner-blocks-container\">\n\n<p class=\"is-style-small-bottom-margin has-font-size-2-font-size\"><strong>Pregunta de reflexi\u00f3n<\/strong><\/p>\n\n\n\n<p class=\"has-font-size-2-font-size\">Las mejores TdC las elabora un equipo de personas con diferentes perspectivas sobre el programa, incluidos profesionales y miembros de la comunidad a la que se presta servicio siempre que sea posible.<br><br>\u00bfA qui\u00e9n debe incluirse en el proceso de elaboraci\u00f3n de la TdC de su programa?<\/p>\n\n<\/div>\n\n<\/div>\n<\/div>\n<\/div>\n\n\n\n<div style=\"height:100px\" aria-hidden=\"true\" class=\"wp-block-spacer is-style-large\"><\/div>\n\n\n\n<div id=\"next-button-block_a8dbb19d9abba2fafdc7b8e2edc9fd94\" class=\"acf-block block-next-button\">\n\n     <a class=\"block-next-button__button\" href=\"https:\/\/ideas.developingchild.harvard.edu\/es\/evaluacion\/\">\n\n          <div class=\"block-next-button__text\">\n\n               <span class=\"block-next-button__leader is-style-eyebrow\">\n                    Siguiente:               <\/span>\n\n               <span class=\"block-next-button__button-text\">\n                    Evaluaci\u00f3n               <\/span>\n\n               \n          <\/div>\n\n          <span class=\"block-next-button__arrow\">\n                              <svg width=\"28\" height=\"23\" viewbox=\"0 0 28 23\" fill=\"none\" xmlns=\"http:\/\/www.w3.org\/2000\/svg\">\n               <path d=\"M2 11.4999L22 11.4999\" stroke=\"white\" stroke-width=\"3\" stroke-linecap=\"square\"\/>\n               <path d=\"M15 21.4999L25 11.4999L15 1.49988\" stroke=\"white\" stroke-width=\"3\"\/>\n               <\/svg>\n          <\/span>\n\n     <\/a>\n\n<\/div>\n<\/div>","protected":false},"excerpt":{"rendered":"<p>How to Use a Theory of Change Once you develop an initial ToC for your program, it serves as a working model of the hypotheses you might test. For example, your team might ask: Are the product or program strategies feasible to implement and acceptable to participants? Is there evidence to suggest that the targets [&hellip;]<\/p>\n","protected":false},"author":1,"featured_media":0,"parent":392,"menu_order":0,"comment_status":"closed","ping_status":"closed","template":"","meta":{"_acf_changed":false,"footnotes":""},"class_list":{"2":"type-page"},"acf":[],"yoast_head":"<!-- This site is optimized with the Yoast SEO plugin v27.4 - https:\/\/yoast.com\/product\/yoast-seo-wordpress\/ -->\n<title>How to use a Theory of Change - IDEAS Impact Framework<\/title>\n<meta name=\"description\" content=\"A well-crafted ToC serves as a working model of the hypothesis you might test.\" \/>\n<meta name=\"robots\" content=\"index, follow, max-snippet:-1, max-image-preview:large, max-video-preview:-1\" \/>\n<link rel=\"canonical\" href=\"https:\/\/ideas.developingchild.harvard.edu\/es\/teoria-del-cambio\/como-utilizar-una-teoria-del-cambio\/\" \/>\n<meta property=\"og:locale\" content=\"es_ES\" \/>\n<meta property=\"og:type\" content=\"article\" \/>\n<meta property=\"og:title\" content=\"How to use a Theory of Change - IDEAS Impact Framework\" \/>\n<meta property=\"og:description\" content=\"A well-crafted ToC serves as a working model of the hypothesis you might test.\" \/>\n<meta property=\"og:url\" content=\"https:\/\/ideas.developingchild.harvard.edu\/es\/teoria-del-cambio\/como-utilizar-una-teoria-del-cambio\/\" \/>\n<meta property=\"og:site_name\" content=\"IDEAS Impact Framework\" \/>\n<meta property=\"article:modified_time\" content=\"2022-10-24T15:43:10+00:00\" \/>\n<meta name=\"twitter:card\" content=\"summary_large_image\" \/>\n<script type=\"application\/ld+json\" class=\"yoast-schema-graph\">{\"@context\":\"https:\\\/\\\/schema.org\",\"@graph\":[{\"@type\":\"WebPage\",\"@id\":\"https:\\\/\\\/ideas.developingchild.harvard.edu\\\/theory-of-change\\\/how-to-use-a-theory-of-change\\\/\",\"url\":\"https:\\\/\\\/ideas.developingchild.harvard.edu\\\/theory-of-change\\\/how-to-use-a-theory-of-change\\\/\",\"name\":\"How to use a Theory of Change - IDEAS Impact Framework\",\"isPartOf\":{\"@id\":\"https:\\\/\\\/ideas.developingchild.harvard.edu\\\/#website\"},\"datePublished\":\"2022-09-22T17:03:56+00:00\",\"dateModified\":\"2022-10-24T15:43:10+00:00\",\"description\":\"A well-crafted ToC serves as a working model of the hypothesis you might test.\",\"breadcrumb\":{\"@id\":\"https:\\\/\\\/ideas.developingchild.harvard.edu\\\/theory-of-change\\\/how-to-use-a-theory-of-change\\\/#breadcrumb\"},\"inLanguage\":\"es-CO\",\"potentialAction\":[{\"@type\":\"ReadAction\",\"target\":[\"https:\\\/\\\/ideas.developingchild.harvard.edu\\\/theory-of-change\\\/how-to-use-a-theory-of-change\\\/\"]}]},{\"@type\":\"BreadcrumbList\",\"@id\":\"https:\\\/\\\/ideas.developingchild.harvard.edu\\\/theory-of-change\\\/how-to-use-a-theory-of-change\\\/#breadcrumb\",\"itemListElement\":[{\"@type\":\"ListItem\",\"position\":1,\"name\":\"Home\",\"item\":\"https:\\\/\\\/ideas.developingchild.harvard.edu\\\/\"},{\"@type\":\"ListItem\",\"position\":2,\"name\":\"The IDEAS Approach to Theory of Change\",\"item\":\"https:\\\/\\\/ideas.developingchild.harvard.edu\\\/theory-of-change\\\/\"},{\"@type\":\"ListItem\",\"position\":3,\"name\":\"How to use a Theory of Change\"}]},{\"@type\":\"WebSite\",\"@id\":\"https:\\\/\\\/ideas.developingchild.harvard.edu\\\/#website\",\"url\":\"https:\\\/\\\/ideas.developingchild.harvard.edu\\\/\",\"name\":\"IDEAS Impact Framework\",\"description\":\"Reimagining Program Development and Evaluation\",\"potentialAction\":[{\"@type\":\"SearchAction\",\"target\":{\"@type\":\"EntryPoint\",\"urlTemplate\":\"https:\\\/\\\/ideas.developingchild.harvard.edu\\\/?s={search_term_string}\"},\"query-input\":{\"@type\":\"PropertyValueSpecification\",\"valueRequired\":true,\"valueName\":\"search_term_string\"}}],\"inLanguage\":\"es-CO\"}]}<\/script>\n<!-- \/ Yoast SEO plugin. -->","yoast_head_json":{"title":"C\u00f3mo utilizar una Teor\u00eda del Cambio - Marco de Impacto de IDEAS","description":"Una TdC bien elaborada sirve como modelo de trabajo de la hip\u00f3tesis que podr\u00eda poner a prueba.","robots":{"index":"index","follow":"follow","max-snippet":"max-snippet:-1","max-image-preview":"max-image-preview:large","max-video-preview":"max-video-preview:-1"},"canonical":"https:\/\/ideas.developingchild.harvard.edu\/es\/teoria-del-cambio\/como-utilizar-una-teoria-del-cambio\/","og_locale":"es_ES","og_type":"article","og_title":"How to use a Theory of Change - IDEAS Impact Framework","og_description":"A well-crafted ToC serves as a working model of the hypothesis you might test.","og_url":"https:\/\/ideas.developingchild.harvard.edu\/es\/teoria-del-cambio\/como-utilizar-una-teoria-del-cambio\/","og_site_name":"IDEAS Impact Framework","article_modified_time":"2022-10-24T15:43:10+00:00","twitter_card":"summary_large_image","schema":{"@context":"https:\/\/schema.org","@graph":[{"@type":"WebPage","@id":"https:\/\/ideas.developingchild.harvard.edu\/theory-of-change\/how-to-use-a-theory-of-change\/","url":"https:\/\/ideas.developingchild.harvard.edu\/theory-of-change\/how-to-use-a-theory-of-change\/","name":"C\u00f3mo utilizar una Teor\u00eda del Cambio - Marco de Impacto de IDEAS","isPartOf":{"@id":"https:\/\/ideas.developingchild.harvard.edu\/#website"},"datePublished":"2022-09-22T17:03:56+00:00","dateModified":"2022-10-24T15:43:10+00:00","description":"Una TdC bien elaborada sirve como modelo de trabajo de la hip\u00f3tesis que podr\u00eda poner a prueba.","breadcrumb":{"@id":"https:\/\/ideas.developingchild.harvard.edu\/theory-of-change\/how-to-use-a-theory-of-change\/#breadcrumb"},"inLanguage":"es-CO","potentialAction":[{"@type":"ReadAction","target":["https:\/\/ideas.developingchild.harvard.edu\/theory-of-change\/how-to-use-a-theory-of-change\/"]}]},{"@type":"BreadcrumbList","@id":"https:\/\/ideas.developingchild.harvard.edu\/theory-of-change\/how-to-use-a-theory-of-change\/#breadcrumb","itemListElement":[{"@type":"ListItem","position":1,"name":"Home","item":"https:\/\/ideas.developingchild.harvard.edu\/"},{"@type":"ListItem","position":2,"name":"The IDEAS Approach to Theory of Change","item":"https:\/\/ideas.developingchild.harvard.edu\/theory-of-change\/"},{"@type":"ListItem","position":3,"name":"How to use a Theory of Change"}]},{"@type":"WebSite","@id":"https:\/\/ideas.developingchild.harvard.edu\/#website","url":"https:\/\/ideas.developingchild.harvard.edu\/","name":"Marco de impacto de IDEAS","description":"Reimaginando el desarrollo y la evaluaci\u00f3n de programas","potentialAction":[{"@type":"SearchAction","target":{"@type":"EntryPoint","urlTemplate":"https:\/\/ideas.developingchild.harvard.edu\/?s={search_term_string}"},"query-input":{"@type":"PropertyValueSpecification","valueRequired":true,"valueName":"search_term_string"}}],"inLanguage":"es-CO"}]}},"_links":{"self":[{"href":"https:\/\/ideas.developingchild.harvard.edu\/es\/wp-json\/wp\/v2\/pages\/678","targetHints":{"allow":["GET"]}}],"collection":[{"href":"https:\/\/ideas.developingchild.harvard.edu\/es\/wp-json\/wp\/v2\/pages"}],"about":[{"href":"https:\/\/ideas.developingchild.harvard.edu\/es\/wp-json\/wp\/v2\/types\/page"}],"author":[{"embeddable":true,"href":"https:\/\/ideas.developingchild.harvard.edu\/es\/wp-json\/wp\/v2\/users\/1"}],"replies":[{"embeddable":true,"href":"https:\/\/ideas.developingchild.harvard.edu\/es\/wp-json\/wp\/v2\/comments?post=678"}],"version-history":[{"count":0,"href":"https:\/\/ideas.developingchild.harvard.edu\/es\/wp-json\/wp\/v2\/pages\/678\/revisions"}],"up":[{"embeddable":true,"href":"https:\/\/ideas.developingchild.harvard.edu\/es\/wp-json\/wp\/v2\/pages\/392"}],"wp:attachment":[{"href":"https:\/\/ideas.developingchild.harvard.edu\/es\/wp-json\/wp\/v2\/media?parent=678"}],"curies":[{"name":"wp","href":"https:\/\/api.w.org\/{rel}","templated":true}]}}