{"id":7,"date":"2022-04-12T20:30:57","date_gmt":"2022-04-12T20:30:57","guid":{"rendered":"http:\/\/ideas.local\/?page_id=7"},"modified":"2022-06-19T01:09:05","modified_gmt":"2022-06-19T01:09:05","slug":"url-de-acceso-erronea","status":"publish","type":"page","link":"https:\/\/ideas.developingchild.harvard.edu\/es\/wrong-login-url\/","title":{"rendered":"URL de inicio de sesi\u00f3n incorrecta"},"content":{"rendered":"<div class=\"wp-block-group alignfull has-background-background-color has-background is-layout-constrained wp-container-core-group-is-layout-bc819049 wp-block-group-is-layout-constrained\">\n<h2 class=\"has-text-align-center wp-block-heading\">Lo sentimos, ha introducido una URL de inicio de sesi\u00f3n incorrecta.<\/h2>\n\n\n\n<p class=\"has-text-align-center\">Visite la URL de inicio de sesi\u00f3n correcta o p\u00f3ngase en contacto con el administrador del sitio para obtener los datos de inicio de sesi\u00f3n. Esto se hace para evitar ataques de fuerza bruta en la URL de inicio de sesi\u00f3n predeterminada de WordPress.<\/p>\n<\/div>","protected":false},"excerpt":{"rendered":"<p>Lo sentimos, ha introducido una URL de inicio de sesi\u00f3n incorrecta. Visite la URL de inicio de sesi\u00f3n correcta o p\u00f3ngase en contacto con el administrador del sitio para obtener los datos de inicio de sesi\u00f3n. Esto se hace para evitar ataques de fuerza bruta en la URL de inicio de sesi\u00f3n predeterminada de WordPress.<\/p>","protected":false},"author":1,"featured_media":0,"parent":0,"menu_order":0,"comment_status":"closed","ping_status":"closed","template":"","meta":{"_acf_changed":false,"footnotes":""},"class_list":{"2":"type-page"},"acf":[],"yoast_head":"<!-- This site is optimized with the Yoast SEO plugin v27.4 - https:\/\/yoast.com\/product\/yoast-seo-wordpress\/ -->\n<title>Wrong Login URL - IDEAS Impact Framework<\/title>\n<meta name=\"robots\" content=\"index, follow, max-snippet:-1, max-image-preview:large, max-video-preview:-1\" \/>\n<link rel=\"canonical\" href=\"https:\/\/ideas.developingchild.harvard.edu\/es\/url-de-acceso-erronea\/\" \/>\n<meta property=\"og:locale\" content=\"es_ES\" \/>\n<meta property=\"og:type\" content=\"article\" \/>\n<meta property=\"og:title\" content=\"Wrong Login URL - IDEAS Impact Framework\" \/>\n<meta property=\"og:description\" content=\"Sorry, you entered the wrong login URL. Please visit the correct login URL or contact the site administrator for login details. This is done to prevent brute force attacks on the default WordPress login URL.\" \/>\n<meta property=\"og:url\" content=\"https:\/\/ideas.developingchild.harvard.edu\/es\/url-de-acceso-erronea\/\" \/>\n<meta property=\"og:site_name\" content=\"IDEAS Impact Framework\" \/>\n<meta property=\"article:modified_time\" content=\"2022-06-19T01:09:05+00:00\" \/>\n<meta name=\"twitter:card\" content=\"summary_large_image\" \/>\n<script type=\"application\/ld+json\" class=\"yoast-schema-graph\">{\"@context\":\"https:\\\/\\\/schema.org\",\"@graph\":[{\"@type\":\"WebPage\",\"@id\":\"https:\\\/\\\/ideas.developingchild.harvard.edu\\\/wrong-login-url\\\/\",\"url\":\"https:\\\/\\\/ideas.developingchild.harvard.edu\\\/wrong-login-url\\\/\",\"name\":\"Wrong Login URL - IDEAS Impact Framework\",\"isPartOf\":{\"@id\":\"https:\\\/\\\/ideas.developingchild.harvard.edu\\\/#website\"},\"datePublished\":\"2022-04-12T20:30:57+00:00\",\"dateModified\":\"2022-06-19T01:09:05+00:00\",\"breadcrumb\":{\"@id\":\"https:\\\/\\\/ideas.developingchild.harvard.edu\\\/wrong-login-url\\\/#breadcrumb\"},\"inLanguage\":\"es-CO\",\"potentialAction\":[{\"@type\":\"ReadAction\",\"target\":[\"https:\\\/\\\/ideas.developingchild.harvard.edu\\\/wrong-login-url\\\/\"]}]},{\"@type\":\"BreadcrumbList\",\"@id\":\"https:\\\/\\\/ideas.developingchild.harvard.edu\\\/wrong-login-url\\\/#breadcrumb\",\"itemListElement\":[{\"@type\":\"ListItem\",\"position\":1,\"name\":\"Home\",\"item\":\"https:\\\/\\\/ideas.developingchild.harvard.edu\\\/\"},{\"@type\":\"ListItem\",\"position\":2,\"name\":\"Wrong Login URL\"}]},{\"@type\":\"WebSite\",\"@id\":\"https:\\\/\\\/ideas.developingchild.harvard.edu\\\/#website\",\"url\":\"https:\\\/\\\/ideas.developingchild.harvard.edu\\\/\",\"name\":\"IDEAS Impact Framework\",\"description\":\"Reimagining Program Development and Evaluation\",\"potentialAction\":[{\"@type\":\"SearchAction\",\"target\":{\"@type\":\"EntryPoint\",\"urlTemplate\":\"https:\\\/\\\/ideas.developingchild.harvard.edu\\\/?s={search_term_string}\"},\"query-input\":{\"@type\":\"PropertyValueSpecification\",\"valueRequired\":true,\"valueName\":\"search_term_string\"}}],\"inLanguage\":\"es-CO\"}]}<\/script>\n<!-- \/ Yoast SEO plugin. -->","yoast_head_json":{"title":"URL de inicio de sesi\u00f3n incorrecta - IDEAS Impact Framework","robots":{"index":"index","follow":"follow","max-snippet":"max-snippet:-1","max-image-preview":"max-image-preview:large","max-video-preview":"max-video-preview:-1"},"canonical":"https:\/\/ideas.developingchild.harvard.edu\/es\/url-de-acceso-erronea\/","og_locale":"es_ES","og_type":"article","og_title":"Wrong Login URL - IDEAS Impact Framework","og_description":"Sorry, you entered the wrong login URL. Please visit the correct login URL or contact the site administrator for login details. This is done to prevent brute force attacks on the default WordPress login URL.","og_url":"https:\/\/ideas.developingchild.harvard.edu\/es\/url-de-acceso-erronea\/","og_site_name":"IDEAS Impact Framework","article_modified_time":"2022-06-19T01:09:05+00:00","twitter_card":"summary_large_image","schema":{"@context":"https:\/\/schema.org","@graph":[{"@type":"WebPage","@id":"https:\/\/ideas.developingchild.harvard.edu\/wrong-login-url\/","url":"https:\/\/ideas.developingchild.harvard.edu\/wrong-login-url\/","name":"URL de inicio de sesi\u00f3n incorrecta - IDEAS Impact Framework","isPartOf":{"@id":"https:\/\/ideas.developingchild.harvard.edu\/#website"},"datePublished":"2022-04-12T20:30:57+00:00","dateModified":"2022-06-19T01:09:05+00:00","breadcrumb":{"@id":"https:\/\/ideas.developingchild.harvard.edu\/wrong-login-url\/#breadcrumb"},"inLanguage":"es-CO","potentialAction":[{"@type":"ReadAction","target":["https:\/\/ideas.developingchild.harvard.edu\/wrong-login-url\/"]}]},{"@type":"BreadcrumbList","@id":"https:\/\/ideas.developingchild.harvard.edu\/wrong-login-url\/#breadcrumb","itemListElement":[{"@type":"ListItem","position":1,"name":"Home","item":"https:\/\/ideas.developingchild.harvard.edu\/"},{"@type":"ListItem","position":2,"name":"Wrong Login URL"}]},{"@type":"WebSite","@id":"https:\/\/ideas.developingchild.harvard.edu\/#website","url":"https:\/\/ideas.developingchild.harvard.edu\/","name":"Marco de impacto de IDEAS","description":"Reimaginando el desarrollo y la evaluaci\u00f3n de programas","potentialAction":[{"@type":"SearchAction","target":{"@type":"EntryPoint","urlTemplate":"https:\/\/ideas.developingchild.harvard.edu\/?s={search_term_string}"},"query-input":{"@type":"PropertyValueSpecification","valueRequired":true,"valueName":"search_term_string"}}],"inLanguage":"es-CO"}]}},"_links":{"self":[{"href":"https:\/\/ideas.developingchild.harvard.edu\/es\/wp-json\/wp\/v2\/pages\/7","targetHints":{"allow":["GET"]}}],"collection":[{"href":"https:\/\/ideas.developingchild.harvard.edu\/es\/wp-json\/wp\/v2\/pages"}],"about":[{"href":"https:\/\/ideas.developingchild.harvard.edu\/es\/wp-json\/wp\/v2\/types\/page"}],"author":[{"embeddable":true,"href":"https:\/\/ideas.developingchild.harvard.edu\/es\/wp-json\/wp\/v2\/users\/1"}],"replies":[{"embeddable":true,"href":"https:\/\/ideas.developingchild.harvard.edu\/es\/wp-json\/wp\/v2\/comments?post=7"}],"version-history":[{"count":0,"href":"https:\/\/ideas.developingchild.harvard.edu\/es\/wp-json\/wp\/v2\/pages\/7\/revisions"}],"wp:attachment":[{"href":"https:\/\/ideas.developingchild.harvard.edu\/es\/wp-json\/wp\/v2\/media?parent=7"}],"curies":[{"name":"wp","href":"https:\/\/api.w.org\/{rel}","templated":true}]}}