{"id":739,"date":"2022-09-23T13:07:55","date_gmt":"2022-09-23T13:07:55","guid":{"rendered":"http:\/\/ideas.local\/?page_id=739"},"modified":"2022-10-24T15:41:16","modified_gmt":"2022-10-24T15:41:16","slug":"identificar-las-preguntas-basadas-en-los-toc","status":"publish","type":"page","link":"https:\/\/ideas.developingchild.harvard.edu\/es\/evaluation\/identify-toc-based-questions\/","title":{"rendered":"Identificar preguntas basadas en la TdC"},"content":{"rendered":"<div id=\"hero-block_0ebc51c2b1f89d6c1fac2781a486db20\" class=\"acf-block block-hero has-background has-senary-light-background-color alignfull\">\n\n     <div class=\"wrap\">\n\n          <div class=\"block-hero__innerBlocks acf-inner-blocks-container\">\n\n<h1 class=\"wp-block-heading\">Evaluaci\u00f3n<\/h1>\n\n\n\n<p class=\"is-style-left-dash has-senary-background-color has-background has-font-size-5-font-size\">Aprenda a desarrollar una evaluaci\u00f3n basada en la TdC<\/p>\n\n<\/div>\n\n          <div class=\"block-hero__image\">\n               <img decoding=\"async\" class=\"nolazy\" src=\"https:\/\/ideas.developingchild.harvard.edu\/wp-content\/uploads\/2022\/10\/IDEAS-graphic-evaluation.png\" alt=\"http:\/\/A%20group%20of%20ideas%20discussing%20and%20exploring%20ideas\">\n          <\/div>\n\n     <\/div>\n\n<\/div>\n\n\n\n<div id=\"sticky-nav-target\" style=\"margin-bottom:0 !important;\"><\/div>\n<div id=\"sticky-nav-block_b37942ecdebd9fc57f60f2f64f95d7d3\" class=\"acf-block block-sticky-nav alignfull\">\n\n     <button class=\"block-sticky-nav__mobile-toggle\" aria-label=\"Alternar la navegaci\u00f3n adhesiva m\u00f3vil\">\n          Identificar preguntas basadas en la TdC                    <svg width=\"19\" height=\"12\" viewbox=\"0 0 14 9\" fill=\"none\" xmlns=\"http:\/\/www.w3.org\/2000\/svg\">\n               <path d=\"M2 2L7 7L12 2\" stroke=\"#3D4457\" stroke-width=\"2\" stroke-linecap=\"square\"\/>\n          <\/svg>\n     <\/button>\n\n     <div class=\"block-sticky-nav__menu-wrap\"><ul id=\"menu-evaluation-menu\" class=\"block-sticky-nav__menu\"><li id=\"menu-item-745\" class=\"menu-item\"><a href=\"https:\/\/ideas.developingchild.harvard.edu\/es\/evaluation\/\">Objetivos y planificaci\u00f3n de la evaluaci\u00f3n<\/a><\/li>\n<li id=\"menu-item-748\" class=\"menu-item\"><a href=\"https:\/\/ideas.developingchild.harvard.edu\/es\/evaluation\/identify-toc-based-questions\/\">Identificar preguntas basadas en la TdC<\/a><\/li>\n<li id=\"menu-item-747\" class=\"menu-item\"><a href=\"https:\/\/ideas.developingchild.harvard.edu\/es\/evaluation\/choose-an-evaluation-design\/\">Elija un dise\u00f1o de evaluaci\u00f3n<\/a><\/li>\n<li id=\"menu-item-746\" class=\"menu-item\"><a href=\"https:\/\/ideas.developingchild.harvard.edu\/es\/evaluation\/select-measures\/\">Seleccionar medidas<\/a><\/li>\n<\/ul><\/div>\n<\/div>\n\n\n\n<div class=\"wp-block-group alignfull has-background-background-color has-background is-layout-flow wp-block-group-is-layout-flow\">\n<h2 class=\"wp-block-heading\">Identificar preguntas basadas en la TdC<\/h2>\n\n\n\n<div style=\"height:100px\" aria-hidden=\"true\" class=\"wp-block-spacer is-style-small\"><\/div>\n\n\n\n<div class=\"wp-block-columns is-layout-flex wp-container-core-columns-is-layout-9d6595d7 wp-block-columns-is-layout-flex\">\n<div class=\"wp-block-column is-layout-flow wp-block-column-is-layout-flow\" style=\"flex-basis:66.66%\">\n<p class=\"is-style-alternate-font has-font-size-6-font-size\">Una vez m\u00e1s, el primer paso consiste en identificar las preguntas de evaluaci\u00f3n basadas en la TdC. Volvamos a la lista de preguntas que se present\u00f3 en la secci\u00f3n sobre TdC:<\/p>\n\n\n\n<ol class=\"wp-block-list\"><li>\u00bfLas <strong>estrategias<\/strong> del producto o programa son viables y aceptables para los participantes?<\/li><li>\u00bfHay evidencia que sugiera que los <strong>objetivos<\/strong> est\u00e1n cambiando en la direcci\u00f3n prevista?<\/li><li>\u00bfHay evidencia que sugiera que los <strong>resultados<\/strong> est\u00e1n cambiando en la direcci\u00f3n prevista?<\/li><li>\u00bfLos <strong>moderadores<\/strong> ayudan a explicar la variabilidad del impacto?<\/li><\/ol>\n\n\n\n<div style=\"height:100px\" aria-hidden=\"true\" class=\"wp-block-spacer is-style-small\"><\/div>\n\n\n\n<div id=\"acf-separator-block_3368b1848ef32a43d4eacbb7c9a53919\" class=\"acf-block block-separator no-margin\">\n     <hr style=\"height: 1px;border-top-style:solid;border-width:calc(1px - 1px);border-color: var(--wp--preset--color--septenary-dark);background-color: var(--wp--preset--color--septenary-dark);\">\n<\/div>\n\n\n\n<div style=\"height:100px\" aria-hidden=\"true\" class=\"wp-block-spacer is-style-small\"><\/div>\n\n\n\n<p class=\"has-font-size-5-font-size\">La siguiente secci\u00f3n le orientar\u00e1 sobre c\u00f3mo seleccionar las preguntas m\u00e1s apremiantes basadas en la TdC y las implicaciones para el dise\u00f1o de su evaluaci\u00f3n.<\/p>\n<\/div>\n\n\n\n<div class=\"wp-block-column is-layout-flow wp-block-column-is-layout-flow\" style=\"flex-basis:33.33%\"><\/div>\n<\/div>\n\n\n\n<div style=\"height:100px\" aria-hidden=\"true\" class=\"wp-block-spacer is-style-large\"><\/div>\n\n\n\n<div id=\"next-button-block_8655f86aec1b7038c2cbcc618527421f\" class=\"acf-block block-next-button\">\n\n     <a class=\"block-next-button__button\" href=\"https:\/\/ideas.developingchild.harvard.edu\/es\/evaluacion\/elegir-un-diseno-de-evaluacion\/\">\n\n          <div class=\"block-next-button__text\">\n\n               <span class=\"block-next-button__leader is-style-eyebrow\">\n                    Siguiente:               <\/span>\n\n               <span class=\"block-next-button__button-text\">\n                    Elegir un dise\u00f1o de evaluaci\u00f3n adecuado               <\/span>\n\n               \n          <\/div>\n\n          <span class=\"block-next-button__arrow\">\n                              <svg width=\"28\" height=\"23\" viewbox=\"0 0 28 23\" fill=\"none\" xmlns=\"http:\/\/www.w3.org\/2000\/svg\">\n               <path d=\"M2 11.4999L22 11.4999\" stroke=\"white\" stroke-width=\"3\" stroke-linecap=\"square\"\/>\n               <path d=\"M15 21.4999L25 11.4999L15 1.49988\" stroke=\"white\" stroke-width=\"3\"\/>\n               <\/svg>\n          <\/span>\n\n     <\/a>\n\n<\/div>\n<\/div>","protected":false},"excerpt":{"rendered":"<p>Identify ToC-Based Questions Again, the first step is to identify ToC-based evaluation questions. Let\u2019s revisit the list of questions that were introduced in the section on ToC: Are the product or program strategies feasible to implement and acceptable to participants? Is there evidence to suggest that the targets are changing in the anticipated direction? Is [&hellip;]<\/p>\n","protected":false},"author":1,"featured_media":0,"parent":394,"menu_order":0,"comment_status":"closed","ping_status":"closed","template":"","meta":{"_acf_changed":false,"footnotes":""},"class_list":{"2":"type-page"},"acf":[],"yoast_head":"<!-- This site is optimized with the Yoast SEO plugin v27.4 - https:\/\/yoast.com\/product\/yoast-seo-wordpress\/ -->\n<title>Identify ToC-Based Questions - IDEAS Impact Framework<\/title>\n<meta name=\"description\" content=\"Select your most pressing ToC-based questions and think through implications for evaluation design.\" \/>\n<meta name=\"robots\" content=\"index, follow, max-snippet:-1, max-image-preview:large, max-video-preview:-1\" \/>\n<link rel=\"canonical\" href=\"https:\/\/ideas.developingchild.harvard.edu\/es\/evaluacion\/identificar-las-preguntas-basadas-en-los-toc\/\" \/>\n<meta property=\"og:locale\" content=\"es_ES\" \/>\n<meta property=\"og:type\" content=\"article\" \/>\n<meta property=\"og:title\" content=\"Identify ToC-Based Questions - IDEAS Impact Framework\" \/>\n<meta property=\"og:description\" content=\"Select your most pressing ToC-based questions and think through implications for evaluation design.\" \/>\n<meta property=\"og:url\" content=\"https:\/\/ideas.developingchild.harvard.edu\/es\/evaluacion\/identificar-las-preguntas-basadas-en-los-toc\/\" \/>\n<meta property=\"og:site_name\" content=\"IDEAS Impact Framework\" \/>\n<meta property=\"article:modified_time\" content=\"2022-10-24T15:41:16+00:00\" \/>\n<meta name=\"twitter:card\" content=\"summary_large_image\" \/>\n<script type=\"application\/ld+json\" class=\"yoast-schema-graph\">{\"@context\":\"https:\\\/\\\/schema.org\",\"@graph\":[{\"@type\":\"WebPage\",\"@id\":\"https:\\\/\\\/ideas.developingchild.harvard.edu\\\/evaluation\\\/identify-toc-based-questions\\\/\",\"url\":\"https:\\\/\\\/ideas.developingchild.harvard.edu\\\/evaluation\\\/identify-toc-based-questions\\\/\",\"name\":\"Identify ToC-Based Questions - IDEAS Impact Framework\",\"isPartOf\":{\"@id\":\"https:\\\/\\\/ideas.developingchild.harvard.edu\\\/#website\"},\"datePublished\":\"2022-09-23T13:07:55+00:00\",\"dateModified\":\"2022-10-24T15:41:16+00:00\",\"description\":\"Select your most pressing ToC-based questions and think through implications for evaluation design.\",\"breadcrumb\":{\"@id\":\"https:\\\/\\\/ideas.developingchild.harvard.edu\\\/evaluation\\\/identify-toc-based-questions\\\/#breadcrumb\"},\"inLanguage\":\"es-CO\",\"potentialAction\":[{\"@type\":\"ReadAction\",\"target\":[\"https:\\\/\\\/ideas.developingchild.harvard.edu\\\/evaluation\\\/identify-toc-based-questions\\\/\"]}]},{\"@type\":\"BreadcrumbList\",\"@id\":\"https:\\\/\\\/ideas.developingchild.harvard.edu\\\/evaluation\\\/identify-toc-based-questions\\\/#breadcrumb\",\"itemListElement\":[{\"@type\":\"ListItem\",\"position\":1,\"name\":\"Home\",\"item\":\"https:\\\/\\\/ideas.developingchild.harvard.edu\\\/\"},{\"@type\":\"ListItem\",\"position\":2,\"name\":\"Evaluation Goals and Planning\",\"item\":\"https:\\\/\\\/ideas.developingchild.harvard.edu\\\/evaluation\\\/\"},{\"@type\":\"ListItem\",\"position\":3,\"name\":\"Identify ToC-Based Questions\"}]},{\"@type\":\"WebSite\",\"@id\":\"https:\\\/\\\/ideas.developingchild.harvard.edu\\\/#website\",\"url\":\"https:\\\/\\\/ideas.developingchild.harvard.edu\\\/\",\"name\":\"IDEAS Impact Framework\",\"description\":\"Reimagining Program Development and Evaluation\",\"potentialAction\":[{\"@type\":\"SearchAction\",\"target\":{\"@type\":\"EntryPoint\",\"urlTemplate\":\"https:\\\/\\\/ideas.developingchild.harvard.edu\\\/?s={search_term_string}\"},\"query-input\":{\"@type\":\"PropertyValueSpecification\",\"valueRequired\":true,\"valueName\":\"search_term_string\"}}],\"inLanguage\":\"es-CO\"}]}<\/script>\n<!-- \/ Yoast SEO plugin. -->","yoast_head_json":{"title":"Identificar preguntas basadas en la TdC - Marco de impacto de IDEAS","description":"Seleccione sus preguntas m\u00e1s apremiantes basadas en la TdC y reflexione sobre las implicaciones para el dise\u00f1o de la evaluaci\u00f3n.","robots":{"index":"index","follow":"follow","max-snippet":"max-snippet:-1","max-image-preview":"max-image-preview:large","max-video-preview":"max-video-preview:-1"},"canonical":"https:\/\/ideas.developingchild.harvard.edu\/es\/evaluacion\/identificar-las-preguntas-basadas-en-los-toc\/","og_locale":"es_ES","og_type":"article","og_title":"Identify ToC-Based Questions - IDEAS Impact Framework","og_description":"Select your most pressing ToC-based questions and think through implications for evaluation design.","og_url":"https:\/\/ideas.developingchild.harvard.edu\/es\/evaluacion\/identificar-las-preguntas-basadas-en-los-toc\/","og_site_name":"IDEAS Impact Framework","article_modified_time":"2022-10-24T15:41:16+00:00","twitter_card":"summary_large_image","schema":{"@context":"https:\/\/schema.org","@graph":[{"@type":"WebPage","@id":"https:\/\/ideas.developingchild.harvard.edu\/evaluation\/identify-toc-based-questions\/","url":"https:\/\/ideas.developingchild.harvard.edu\/evaluation\/identify-toc-based-questions\/","name":"Identificar preguntas basadas en la TdC - Marco de impacto de IDEAS","isPartOf":{"@id":"https:\/\/ideas.developingchild.harvard.edu\/#website"},"datePublished":"2022-09-23T13:07:55+00:00","dateModified":"2022-10-24T15:41:16+00:00","description":"Seleccione sus preguntas m\u00e1s apremiantes basadas en la TdC y reflexione sobre las implicaciones para el dise\u00f1o de la evaluaci\u00f3n.","breadcrumb":{"@id":"https:\/\/ideas.developingchild.harvard.edu\/evaluation\/identify-toc-based-questions\/#breadcrumb"},"inLanguage":"es-CO","potentialAction":[{"@type":"ReadAction","target":["https:\/\/ideas.developingchild.harvard.edu\/evaluation\/identify-toc-based-questions\/"]}]},{"@type":"BreadcrumbList","@id":"https:\/\/ideas.developingchild.harvard.edu\/evaluation\/identify-toc-based-questions\/#breadcrumb","itemListElement":[{"@type":"ListItem","position":1,"name":"Home","item":"https:\/\/ideas.developingchild.harvard.edu\/"},{"@type":"ListItem","position":2,"name":"Evaluation Goals and Planning","item":"https:\/\/ideas.developingchild.harvard.edu\/evaluation\/"},{"@type":"ListItem","position":3,"name":"Identify ToC-Based Questions"}]},{"@type":"WebSite","@id":"https:\/\/ideas.developingchild.harvard.edu\/#website","url":"https:\/\/ideas.developingchild.harvard.edu\/","name":"Marco de impacto de IDEAS","description":"Reimaginando el desarrollo y la evaluaci\u00f3n de programas","potentialAction":[{"@type":"SearchAction","target":{"@type":"EntryPoint","urlTemplate":"https:\/\/ideas.developingchild.harvard.edu\/?s={search_term_string}"},"query-input":{"@type":"PropertyValueSpecification","valueRequired":true,"valueName":"search_term_string"}}],"inLanguage":"es-CO"}]}},"_links":{"self":[{"href":"https:\/\/ideas.developingchild.harvard.edu\/es\/wp-json\/wp\/v2\/pages\/739","targetHints":{"allow":["GET"]}}],"collection":[{"href":"https:\/\/ideas.developingchild.harvard.edu\/es\/wp-json\/wp\/v2\/pages"}],"about":[{"href":"https:\/\/ideas.developingchild.harvard.edu\/es\/wp-json\/wp\/v2\/types\/page"}],"author":[{"embeddable":true,"href":"https:\/\/ideas.developingchild.harvard.edu\/es\/wp-json\/wp\/v2\/users\/1"}],"replies":[{"embeddable":true,"href":"https:\/\/ideas.developingchild.harvard.edu\/es\/wp-json\/wp\/v2\/comments?post=739"}],"version-history":[{"count":0,"href":"https:\/\/ideas.developingchild.harvard.edu\/es\/wp-json\/wp\/v2\/pages\/739\/revisions"}],"up":[{"embeddable":true,"href":"https:\/\/ideas.developingchild.harvard.edu\/es\/wp-json\/wp\/v2\/pages\/394"}],"wp:attachment":[{"href":"https:\/\/ideas.developingchild.harvard.edu\/es\/wp-json\/wp\/v2\/media?parent=739"}],"curies":[{"name":"wp","href":"https:\/\/api.w.org\/{rel}","templated":true}]}}